{"id":3733,"date":"2023-01-07T19:46:02","date_gmt":"2023-01-07T19:46:02","guid":{"rendered":"https:\/\/holidayinnlongueuil.gmtpdigital.ca\/?page_id=3733"},"modified":"2023-05-01T17:21:44","modified_gmt":"2023-05-01T17:21:44","slug":"pendant-votre-sejour-demandes-speciales","status":"publish","type":"page","link":"https:\/\/holidayinnlongueuil.gmtpdigital.ca\/fr\/pendant-votre-sejour-demandes-speciales\/","title":{"rendered":"PENDANT VOTRE S\u00c9JOUR Demandes sp\u00e9ciales"},"content":{"rendered":"\t\t<div data-elementor-type=\"wp-page\" data-elementor-id=\"3733\" class=\"elementor elementor-3733 elementor-3129\">\n\t\t\t\t\t\t<section class=\"elementor-section elementor-top-section elementor-element elementor-element-04aac50 elementor-section-boxed elementor-section-height-default elementor-section-height-default\" data-id=\"04aac50\" data-element_type=\"section\" data-e-type=\"section\">\n\t\t\t\t\t\t<div class=\"elementor-container elementor-column-gap-default\">\n\t\t\t\t\t<div class=\"elementor-column elementor-col-100 elementor-top-column elementor-element elementor-element-5775c66\" data-id=\"5775c66\" data-element_type=\"column\" data-e-type=\"column\">\n\t\t\t<div class=\"elementor-widget-wrap elementor-element-populated\">\n\t\t\t\t\t\t<div class=\"elementor-element elementor-element-14e16ef elementor-widget elementor-widget-shortcode\" data-id=\"14e16ef\" data-element_type=\"widget\" data-e-type=\"widget\" data-widget_type=\"shortcode.default\">\n\t\t\t\t<div class=\"elementor-widget-container\">\n\t\t\t\t\t\t\t<div class=\"elementor-shortcode\"><div class=\"wpforms-container wpforms-container-full\" id=\"wpforms-3767\"><form id=\"wpforms-form-3767\" class=\"wpforms-validate wpforms-form wpforms-ajax-form\" data-formid=\"3767\" method=\"post\" enctype=\"multipart\/form-data\" action=\"\/fr\/wp-json\/wp\/v2\/pages\/3733\" data-token=\"ab5f0401f86fe561ddbe93c305cc0e49\"><noscript class=\"wpforms-error-noscript\">Veuillez activer JavaScript dans votre navigateur pour remplir ce formulaire.<\/noscript><div class=\"wpforms-field-container\"><div id=\"wpforms-3767-field_0-container\" class=\"wpforms-field wpforms-field-name\" data-field-id=\"0\"><label class=\"wpforms-field-label\" for=\"wpforms-3767-field_0\">Nom <span class=\"wpforms-required-label\">*<\/span><\/label><div class=\"wpforms-field-row wpforms-field-medium\"><div class=\"wpforms-field-row-block wpforms-first wpforms-one-half\"><input type=\"text\" id=\"wpforms-3767-field_0\" class=\"wpforms-field-name-first wpforms-field-required\" name=\"wpforms[fields][0][first]\" placeholder=\"Pr\u00e9nom\" required><label for=\"wpforms-3767-field_0\" class=\"wpforms-field-sublabel after wpforms-sublabel-hide\">Pr\u00e9nom<\/label><\/div><div class=\"wpforms-field-row-block wpforms-one-half\"><input type=\"text\" id=\"wpforms-3767-field_0-last\" class=\"wpforms-field-name-last wpforms-field-required\" name=\"wpforms[fields][0][last]\" placeholder=\"Nom\" required><label for=\"wpforms-3767-field_0-last\" class=\"wpforms-field-sublabel after wpforms-sublabel-hide\">Nom<\/label><\/div><\/div><\/div><div id=\"wpforms-3767-field_1-container\" class=\"wpforms-field wpforms-field-email\" data-field-id=\"1\"><label class=\"wpforms-field-label\" for=\"wpforms-3767-field_1\">Email <span class=\"wpforms-required-label\">*<\/span><\/label><input type=\"email\" id=\"wpforms-3767-field_1\" class=\"wpforms-field-medium wpforms-field-required\" name=\"wpforms[fields][1]\" required><\/div><div id=\"wpforms-3767-field_4-container\" class=\"wpforms-field wpforms-field-text\" data-field-id=\"4\"><label class=\"wpforms-field-label\" for=\"wpforms-3767-field_4\">Inscrivez votre num\u00e9ro de chambre <span class=\"wpforms-required-label\">*<\/span><\/label><input type=\"text\" id=\"wpforms-3767-field_4\" class=\"wpforms-field-small wpforms-field-required\" name=\"wpforms[fields][4]\" placeholder=\"ex: 962\" required><\/div><div id=\"wpforms-3767-field_5-container\" class=\"wpforms-field wpforms-field-select wpforms-conditional-trigger wpforms-field-select-style-classic\" data-field-id=\"5\"><label class=\"wpforms-field-label\" for=\"wpforms-3767-field_5\">S\u00e9lectionnez votre demande <span class=\"wpforms-required-label\">*<\/span><\/label><select id=\"wpforms-3767-field_5\" class=\"wpforms-field-large wpforms-field-required\" name=\"wpforms[fields][5]\" required=\"required\"><option value=\"Bassinette\" >Bassinette<\/option><option value=\"Pr\u00e9f\u00e9rences pour menu\" >Pr\u00e9f\u00e9rences pour menu<\/option><option value=\"Produits ou menu du d\u00e9jeuner\" >Produits ou menu du d\u00e9jeuner<\/option><option value=\"V\u00e9gan\" >V\u00e9gan<\/option><option value=\"Changement de serviette\" >Changement de serviette<\/option><option value=\"Changement de literie\" >Changement de literie<\/option><option value=\"Service \u00e0 la chambre\" >Service \u00e0 la chambre<\/option><option value=\"Entretien\" >Entretien<\/option><option value=\"Nettoyage \u00e0 sec\" >Nettoyage \u00e0 sec<\/option><option value=\"Buanderie\" >Buanderie<\/option><option value=\"Prolongement de s\u00e9jour\" >Prolongement de s\u00e9jour<\/option><option value=\"Acc\u00e8s \u00e0 la chambre de r\u00e9union\" >Acc\u00e8s \u00e0 la chambre de r\u00e9union<\/option><option value=\"Autres demandes\" >Autres demandes<\/option><\/select><\/div><div id=\"wpforms-3767-field_7-container\" class=\"wpforms-field wpforms-field-text wpforms-conditional-field wpforms-conditional-show\" data-field-id=\"7\" style=\"display:none;\"><label class=\"wpforms-field-label\" for=\"wpforms-3767-field_7\">Entrez votre demande<\/label><input type=\"text\" id=\"wpforms-3767-field_7\" class=\"wpforms-field-medium\" name=\"wpforms[fields][7]\" ><\/div><div id=\"wpforms-3767-field_6-container\" class=\"wpforms-field wpforms-field-textarea\" data-field-id=\"6\"><label class=\"wpforms-field-label\" for=\"wpforms-3767-field_6\">D\u00e9tails de la demande<\/label><textarea id=\"wpforms-3767-field_6\" class=\"wpforms-field-medium\" name=\"wpforms[fields][6]\" placeholder=\"(Optionnelle : D\u00e9tails de la demande)\" ><\/textarea><\/div><\/div><div class=\"wpforms-submit-container\"><input type=\"hidden\" name=\"wpforms[id]\" value=\"3767\"><input type=\"hidden\" name=\"wpforms[author]\" value=\"22\"><button type=\"submit\" name=\"wpforms[submit]\" id=\"wpforms-submit-3767\" class=\"wpforms-submit\" data-alt-text=\"Envoi en cours...\" data-submit-text=\"Envoyer la demande\" aria-live=\"assertive\" value=\"wpforms-submit\">Envoyer la demande<\/button><img decoding=\"async\" src=\"https:\/\/holidayinnlongueuil.gmtpdigital.ca\/wp-content\/plugins\/wpforms\/assets\/images\/submit-spin.svg\" class=\"wpforms-submit-spinner\" style=\"display: none;\" width=\"26\" height=\"26\" alt=\"Chargement en cours\"><\/div><\/form><\/div>  <!-- .wpforms-container --><\/div>\n\t\t\t\t\t\t<\/div>\n\t\t\t\t<\/div>\n\t\t\t\t<div class=\"elementor-element elementor-element-67440ab cta-fz elementor-widget elementor-widget-text-editor\" data-id=\"67440ab\" data-element_type=\"widget\" data-e-type=\"widget\" data-widget_type=\"text-editor.default\">\n\t\t\t\t<div class=\"elementor-widget-container\">\n\t\t\t\t\t\t\t\t\t<p>(peut prendre jusqu&rsquo;\u00e0 24h)<\/p>\t\t\t\t\t\t\t\t<\/div>\n\t\t\t\t<\/div>\n\t\t\t\t<div class=\"elementor-element elementor-element-83633c5 elementor-button-danger elementor-align-left form-call elementor-widget elementor-widget-button\" data-id=\"83633c5\" data-element_type=\"widget\" data-e-type=\"widget\" data-widget_type=\"button.default\">\n\t\t\t\t<div class=\"elementor-widget-container\">\n\t\t\t\t\t\t\t\t\t<div class=\"elementor-button-wrapper\">\n\t\t\t\t\t<a class=\"elementor-button elementor-button-link elementor-size-sm\" href=\"tel:+1-450-6468100\" target=\"_blank\" rel=\"nofollow\">\n\t\t\t\t\t\t<span class=\"elementor-button-content-wrapper\">\n\t\t\t\t\t\t\t\t\t<span class=\"elementor-button-text\">Appelez pour une demande imm\u00e9diate<\/span>\n\t\t\t\t\t<\/span>\n\t\t\t\t\t<\/a>\n\t\t\t\t<\/div>\n\t\t\t\t\t\t\t\t<\/div>\n\t\t\t\t<\/div>\n\t\t\t\t\t<\/div>\n\t\t<\/div>\n\t\t\t\t\t<\/div>\n\t\t<\/section>\n\t\t\t\t<section class=\"elementor-section elementor-top-section elementor-element elementor-element-f055cf7 elementor-section-content-top elementor-section-height-min-height elementor-section-items-top elementor-section-boxed elementor-section-height-default\" data-id=\"f055cf7\" data-element_type=\"section\" data-e-type=\"section\">\n\t\t\t\t\t\t<div class=\"elementor-container elementor-column-gap-wider\">\n\t\t\t\t\t<div class=\"elementor-column elementor-col-100 elementor-top-column elementor-element elementor-element-2e91108\" data-id=\"2e91108\" data-element_type=\"column\" data-e-type=\"column\" data-settings=\"{&quot;animation_mobile&quot;:&quot;none&quot;}\">\n\t\t\t<div class=\"elementor-widget-wrap elementor-element-populated\">\n\t\t\t\t\t\t<div class=\"elementor-element elementor-element-8d2b30a elementor-absolute category-title-hp custom-font elementor-widget elementor-widget-heading\" data-id=\"8d2b30a\" data-element_type=\"widget\" data-e-type=\"widget\" data-settings=\"{&quot;_position&quot;:&quot;absolute&quot;}\" data-widget_type=\"heading.default\">\n\t\t\t\t<div class=\"elementor-widget-container\">\n\t\t\t\t\t<h2 class=\"elementor-heading-title elementor-size-medium\"><a href=\"\/fr\/autour-de-la-ville\/\">AGR\u00c9MENTS LOCAUX<\/a><\/h2>\t\t\t\t<\/div>\n\t\t\t\t<\/div>\n\t\t\t\t<div class=\"elementor-element elementor-element-8cc7365 elementor-widget elementor-widget-image\" data-id=\"8cc7365\" data-element_type=\"widget\" data-e-type=\"widget\" data-widget_type=\"image.default\">\n\t\t\t\t<div class=\"elementor-widget-container\">\n\t\t\t\t\t\t\t\t\t\t\t\t\t\t\t\t<a href=\"\/fr\/autour-de-la-ville\/\">\n\t\t\t\t\t\t\t<img fetchpriority=\"high\" decoding=\"async\" width=\"1200\" height=\"400\" src=\"https:\/\/holidayinnlongueuil.gmtpdigital.ca\/wp-content\/uploads\/sites\/377\/2022\/12\/Recommendations.jpg\" class=\"elementor-animation-wobble-horizontal attachment-full size-full wp-image-3239\" alt=\"\" srcset=\"https:\/\/holidayinnlongueuil.gmtpdigital.ca\/wp-content\/uploads\/sites\/377\/2022\/12\/Recommendations.jpg 1200w, https:\/\/holidayinnlongueuil.gmtpdigital.ca\/wp-content\/uploads\/sites\/377\/2022\/12\/Recommendations-300x100.jpg 300w, https:\/\/holidayinnlongueuil.gmtpdigital.ca\/wp-content\/uploads\/sites\/377\/2022\/12\/Recommendations-1024x341.jpg 1024w, https:\/\/holidayinnlongueuil.gmtpdigital.ca\/wp-content\/uploads\/sites\/377\/2022\/12\/Recommendations-768x256.jpg 768w\" sizes=\"(max-width: 1200px) 100vw, 1200px\" \/>\t\t\t\t\t\t\t\t<\/a>\n\t\t\t\t\t\t\t\t\t\t\t\t\t\t\t<\/div>\n\t\t\t\t<\/div>\n\t\t\t\t\t<\/div>\n\t\t<\/div>\n\t\t\t\t\t<\/div>\n\t\t<\/section>\n\t\t\t\t<\/div>\n\t\t","protected":false},"excerpt":{"rendered":"<p>(peut prendre jusqu&rsquo;\u00e0 24h) Appelez pour une demande imm\u00e9diate \/*! elementor &#8211; v3.7.4 &#8211; 31-08-2022 *\/ .elementor-heading-title{padding:0;margin:0;line-height:1}.elementor-widget-heading .elementor-heading-title[class*=elementor-size-]&gt;a{color:inherit;font-size:inherit;line-height:inherit}.elementor-widget-heading .elementor-heading-title.elementor-size-small{font-size:15px}.elementor-widget-heading .elementor-heading-title.elementor-size-medium{font-size:19px}.elementor-widget-heading .elementor-heading-title.elementor-size-large{font-size:29px}.elementor-widget-heading .elementor-heading-title.elementor-size-xl{font-size:39px}.elementor-widget-heading .elementor-heading-title.elementor-size-xxl{font-size:59px} AGR\u00c9MENTS LOCAUX \/*! elementor &#8211; v3.7.4 &#8211; 31-08-2022 *\/ .elementor-widget-image{text-align:center}.elementor-widget-image a{display:inline-block}.elementor-widget-image a img[src$=\u00a0\u00bb.svg\u00a0\u00bb]{width:48px}.elementor-widget-image img{vertical-align:middle;display:inline-block}<\/p>\n","protected":false},"author":22,"featured_media":0,"parent":0,"menu_order":0,"comment_status":"closed","ping_status":"closed","template":"","meta":{"_mi_skip_tracking":false,"site-sidebar-layout":"no-sidebar","site-content-layout":"page-builder","ast-site-content-layout":"default","site-content-style":"default","site-sidebar-style":"default","ast-global-header-display":"","ast-banner-title-visibility":"","ast-main-header-display":"","ast-hfb-above-header-display":"","ast-hfb-below-header-display":"","ast-hfb-mobile-header-display":"","site-post-title":"disabled","ast-breadcrumbs-content":"","ast-featured-img":"disabled","footer-sml-layout":"","ast-disable-related-posts":"","theme-transparent-header-meta":"default","adv-header-id-meta":"","stick-header-meta":"","header-above-stick-meta":"","header-main-stick-meta":"","header-below-stick-meta":"","astra-migrate-meta-layouts":"default","ast-page-background-enabled":"default","ast-page-background-meta":{"desktop":{"background-color":"var(--ast-global-color-4)","background-image":"","background-repeat":"repeat","background-position":"center center","background-size":"auto","background-attachment":"scroll","background-type":"","background-media":"","overlay-type":"","overlay-color":"","overlay-opacity":"","overlay-gradient":""},"tablet":{"background-color":"","background-image":"","background-repeat":"repeat","background-position":"center center","background-size":"auto","background-attachment":"scroll","background-type":"","background-media":"","overlay-type":"","overlay-color":"","overlay-opacity":"","overlay-gradient":""},"mobile":{"background-color":"","background-image":"","background-repeat":"repeat","background-position":"center center","background-size":"auto","background-attachment":"scroll","background-type":"","background-media":"","overlay-type":"","overlay-color":"","overlay-opacity":"","overlay-gradient":""}},"ast-content-background-meta":{"desktop":{"background-color":"var(--ast-global-color-5)","background-image":"","background-repeat":"repeat","background-position":"center center","background-size":"auto","background-attachment":"scroll","background-type":"","background-media":"","overlay-type":"","overlay-color":"","overlay-opacity":"","overlay-gradient":""},"tablet":{"background-color":"var(--ast-global-color-5)","background-image":"","background-repeat":"repeat","background-position":"center center","background-size":"auto","background-attachment":"scroll","background-type":"","background-media":"","overlay-type":"","overlay-color":"","overlay-opacity":"","overlay-gradient":""},"mobile":{"background-color":"var(--ast-global-color-5)","background-image":"","background-repeat":"repeat","background-position":"center center","background-size":"auto","background-attachment":"scroll","background-type":"","background-media":"","overlay-type":"","overlay-color":"","overlay-opacity":"","overlay-gradient":""}},"footnotes":""},"class_list":["post-3733","page","type-page","status-publish","hentry"],"_links":{"self":[{"href":"https:\/\/holidayinnlongueuil.gmtpdigital.ca\/fr\/wp-json\/wp\/v2\/pages\/3733","targetHints":{"allow":["GET"]}}],"collection":[{"href":"https:\/\/holidayinnlongueuil.gmtpdigital.ca\/fr\/wp-json\/wp\/v2\/pages"}],"about":[{"href":"https:\/\/holidayinnlongueuil.gmtpdigital.ca\/fr\/wp-json\/wp\/v2\/types\/page"}],"author":[{"embeddable":true,"href":"https:\/\/holidayinnlongueuil.gmtpdigital.ca\/fr\/wp-json\/wp\/v2\/users\/22"}],"replies":[{"embeddable":true,"href":"https:\/\/holidayinnlongueuil.gmtpdigital.ca\/fr\/wp-json\/wp\/v2\/comments?post=3733"}],"version-history":[{"count":20,"href":"https:\/\/holidayinnlongueuil.gmtpdigital.ca\/fr\/wp-json\/wp\/v2\/pages\/3733\/revisions"}],"predecessor-version":[{"id":4409,"href":"https:\/\/holidayinnlongueuil.gmtpdigital.ca\/fr\/wp-json\/wp\/v2\/pages\/3733\/revisions\/4409"}],"wp:attachment":[{"href":"https:\/\/holidayinnlongueuil.gmtpdigital.ca\/fr\/wp-json\/wp\/v2\/media?parent=3733"}],"curies":[{"name":"wp","href":"https:\/\/api.w.org\/{rel}","templated":true}]}}