{"id":2653,"date":"2022-10-08T21:34:34","date_gmt":"2022-10-08T21:34:34","guid":{"rendered":"https:\/\/holidayinnlongueuil.gmtpdigital.ca\/?page_id=2653"},"modified":"2023-05-02T17:36:30","modified_gmt":"2023-05-02T17:36:30","slug":"sortir-et-decouvrir","status":"publish","type":"page","link":"https:\/\/holidayinnlongueuil.gmtpdigital.ca\/fr\/autour-de-la-ville\/sortir-et-decouvrir\/","title":{"rendered":"Sortir et d\u00e9couvrir"},"content":{"rendered":"\t\t<div data-elementor-type=\"wp-page\" data-elementor-id=\"2653\" class=\"elementor elementor-2653 elementor-1443\">\n\t\t\t\t\t\t<section class=\"elementor-section elementor-top-section elementor-element elementor-element-b3b670b elementor-section-full_width elementor-section-height-default elementor-section-height-default\" data-id=\"b3b670b\" data-element_type=\"section\" data-e-type=\"section\">\n\t\t\t\t\t\t<div class=\"elementor-container elementor-column-gap-default\">\n\t\t\t\t\t<div class=\"elementor-column elementor-col-100 elementor-top-column elementor-element elementor-element-4947d2c\" data-id=\"4947d2c\" data-element_type=\"column\" data-e-type=\"column\">\n\t\t\t<div class=\"elementor-widget-wrap elementor-element-populated\">\n\t\t\t\t\t\t<div class=\"elementor-element elementor-element-9331b94 elementor-widget elementor-widget-image\" data-id=\"9331b94\" data-element_type=\"widget\" data-e-type=\"widget\" data-widget_type=\"image.default\">\n\t\t\t\t<div class=\"elementor-widget-container\">\n\t\t\t\t\t\t\t\t\t\t\t\t\t\t\t<img fetchpriority=\"high\" decoding=\"async\" width=\"1024\" height=\"513\" src=\"https:\/\/holidayinnlongueuil.gmtpdigital.ca\/wp-content\/uploads\/sites\/377\/2022\/10\/out-about-1024x513-1.jpeg\" class=\"attachment-large size-large wp-image-2649\" alt=\"\" srcset=\"https:\/\/holidayinnlongueuil.gmtpdigital.ca\/wp-content\/uploads\/sites\/377\/2022\/10\/out-about-1024x513-1.jpeg 1024w, https:\/\/holidayinnlongueuil.gmtpdigital.ca\/wp-content\/uploads\/sites\/377\/2022\/10\/out-about-1024x513-1-300x150.jpeg 300w, https:\/\/holidayinnlongueuil.gmtpdigital.ca\/wp-content\/uploads\/sites\/377\/2022\/10\/out-about-1024x513-1-768x385.jpeg 768w\" sizes=\"(max-width: 1024px) 100vw, 1024px\" \/>\t\t\t\t\t\t\t\t\t\t\t\t\t\t\t<\/div>\n\t\t\t\t<\/div>\n\t\t\t\t\t<\/div>\n\t\t<\/div>\n\t\t\t\t\t<\/div>\n\t\t<\/section>\n\t\t\t\t<section class=\"elementor-section elementor-top-section elementor-element elementor-element-d277890 elementor-section-boxed elementor-section-height-default elementor-section-height-default\" data-id=\"d277890\" data-element_type=\"section\" data-e-type=\"section\">\n\t\t\t\t\t\t<div class=\"elementor-container elementor-column-gap-default\">\n\t\t\t\t\t<div class=\"elementor-column elementor-col-100 elementor-top-column elementor-element elementor-element-e5ff877\" data-id=\"e5ff877\" data-element_type=\"column\" data-e-type=\"column\">\n\t\t\t<div class=\"elementor-widget-wrap elementor-element-populated\">\n\t\t\t\t\t\t<div class=\"elementor-element elementor-element-9a4122b elementor-widget elementor-widget-text-editor\" data-id=\"9a4122b\" data-element_type=\"widget\" data-e-type=\"widget\" data-widget_type=\"text-editor.default\">\n\t\t\t\t<div class=\"elementor-widget-container\">\n\t\t\t\t\t\t\t\t\t<p class=\"p1\">Pour plus d\u2019informations sur les divertissements locaux, veuillez communiquer avec la r\u00e9ception au poste \u00ab0\u00bb.<\/p><p class=\"p2\"><strong>Informations sur les companies a\u00e9riennes<br \/><\/strong>Air Canada 888.247.2262<br \/>American Airlines 800.433.7300<br \/>Air Transat 866.847.1112<br \/>British Airways 800.247.9297<br \/>Continental 800.525.0280<br \/>Delta 800.221.1212<br \/>Northwest\/KLM 800.225.2525<br \/>United 800.241.6522<br \/>US Airways 800.428.4322<br \/>Swissair 514.636.4800<br \/>WestJet 800.538.5696<\/p><p class=\"p2\"><strong>Les Banques<br \/><\/strong>Banque de Montr\u00e9al,<br \/>183 boul. Hymus O, Pointe-Claire 514.630.5947<br \/>Banque HSBC<br \/>1000 boul Saint-Jean #110 Pointe-Claire 514.697.8831<br \/>Banque Nationale<br \/>3918 St Charles Pierrefonds, Sainte-Genevi\u00e8ve 514.624.5421<br \/>Banque Royale<br \/>610 St Jean,Pointe-Claire 514.856.8646<br \/>Banque Toronto Dominion<br \/>203 Boul. Hymus, Pointe-Claire 514.697.3883<\/p><p class=\"p2\"><strong>\u00c9glises et Services Religieux<br \/><\/strong>First Church of Christ, Scientist-Montr\u00e9al 514.931.5012<br \/>Paroisse St-Luc (Catholique) 514.684.6488<br \/>St Edmonds Catholique 514.695.7100<br \/>Baptist West Island 514.631.8644<br \/>Congregation Beth Tikvah 514.683.5610<br \/>F\u00e9d\u00e9ration Baptiste du Canada 514.695.6248<br \/>Marie- Reine- de- la- Paix 514.683.6810<br \/>Paroisse St- David 514.684.8434<br \/>Presbyt\u00e8re Westminister 514.626.2982<\/p><p class=\"p2\"><strong>H\u00f4pitaux\/Cliniques<br \/><\/strong>Info Sant\u00e9 514.381.4221<br \/>Centre h\u00f4spitalier Pierre-Boucher 450.468.8111<br \/>H\u00f4pitale Charles Lemoyne Hospital 450.466.5000<\/p><p class=\"p2\"><strong>Cin\u00e9mas et Th\u00e9\u00e2tres<br \/><\/strong>Cin\u00e9ma M\u00e9ga Plex Tachereau 450.923.5566<br \/>Cin\u00e9mas Guzzo Dollard-des-Ormeaux 514.685.1122<br \/>Th\u00e9\u00e2tre Imax-3D Vieux Port de Montr\u00e9al 514.496.4629<\/p><p class=\"p2\"><strong>Magasinage<br \/><\/strong>Quartier Dix30 Brossard 450.926.1030<br \/>Place Longueuil 450.679.3840<br \/>Mail Champlain 450.466.1066<br \/>Les Promenades St-Bruno 450.653.1581<\/p><p class=\"p2\"><strong>Clubs Sportifs<br \/><\/strong>Nautilus Plus Inc 514.694.4748<br \/>Ymca Du Qu\u00e9bec 514.630.9622<br \/>Kirkland Arena 514.694.4104<br \/>Sportplex 4 Glaces Pierrefonds 514.626.2500<\/p><p class=\"p2\"><strong>Attractions Touristiques<br \/><\/strong>Info-Touriste 514.873.2015<br \/>Parc d\u2019attractions La Ronde 514.397.2000<br \/>Vieux Port de Montr\u00e9al 514.496.7678<br \/>Stade Olympique 514.252.8687<\/p><p class=\"p2\"><strong>Ost\u00e9opathe<\/strong><br \/>C\u00e9dric Calmejane 514.693.2800<\/p>\t\t\t\t\t\t\t\t<\/div>\n\t\t\t\t<\/div>\n\t\t\t\t\t<\/div>\n\t\t<\/div>\n\t\t\t\t\t<\/div>\n\t\t<\/section>\n\t\t\t\t<\/div>\n\t\t","protected":false},"excerpt":{"rendered":"<p>\/*! elementor &#8211; v3.7.4 &#8211; 31-08-2022 *\/ .elementor-widget-image{text-align:center}.elementor-widget-image a{display:inline-block}.elementor-widget-image a img[src$=\u00a0\u00bb.svg\u00a0\u00bb]{width:48px}.elementor-widget-image img{vertical-align:middle;display:inline-block} Pour plus d\u2019informations sur les divertissements locaux, veuillez communiquer avec la r\u00e9ception au poste \u00ab0\u00bb. Informations sur les companies a\u00e9riennesAir Canada 888.247.2262American Airlines 800.433.7300Air Transat 866.847.1112British Airways 800.247.9297Continental 800.525.0280Delta 800.221.1212Northwest\/KLM 800.225.2525United 800.241.6522US Airways 800.428.4322Swissair 514.636.4800WestJet 800.538.5696 Les BanquesBanque de Montr\u00e9al,183 boul. Hymus O, [&hellip;]<\/p>\n","protected":false},"author":22,"featured_media":0,"parent":2658,"menu_order":0,"comment_status":"closed","ping_status":"closed","template":"","meta":{"_mi_skip_tracking":false,"site-sidebar-layout":"no-sidebar","site-content-layout":"page-builder","ast-site-content-layout":"default","site-content-style":"default","site-sidebar-style":"default","ast-global-header-display":"","ast-banner-title-visibility":"","ast-main-header-display":"","ast-hfb-above-header-display":"","ast-hfb-below-header-display":"","ast-hfb-mobile-header-display":"","site-post-title":"disabled","ast-breadcrumbs-content":"","ast-featured-img":"disabled","footer-sml-layout":"","ast-disable-related-posts":"","theme-transparent-header-meta":"default","adv-header-id-meta":"","stick-header-meta":"","header-above-stick-meta":"","header-main-stick-meta":"","header-below-stick-meta":"","astra-migrate-meta-layouts":"default","ast-page-background-enabled":"default","ast-page-background-meta":{"desktop":{"background-color":"var(--ast-global-color-4)","background-image":"","background-repeat":"repeat","background-position":"center center","background-size":"auto","background-attachment":"scroll","background-type":"","background-media":"","overlay-type":"","overlay-color":"","overlay-opacity":"","overlay-gradient":""},"tablet":{"background-color":"","background-image":"","background-repeat":"repeat","background-position":"center center","background-size":"auto","background-attachment":"scroll","background-type":"","background-media":"","overlay-type":"","overlay-color":"","overlay-opacity":"","overlay-gradient":""},"mobile":{"background-color":"","background-image":"","background-repeat":"repeat","background-position":"center center","background-size":"auto","background-attachment":"scroll","background-type":"","background-media":"","overlay-type":"","overlay-color":"","overlay-opacity":"","overlay-gradient":""}},"ast-content-background-meta":{"desktop":{"background-color":"var(--ast-global-color-5)","background-image":"","background-repeat":"repeat","background-position":"center center","background-size":"auto","background-attachment":"scroll","background-type":"","background-media":"","overlay-type":"","overlay-color":"","overlay-opacity":"","overlay-gradient":""},"tablet":{"background-color":"var(--ast-global-color-5)","background-image":"","background-repeat":"repeat","background-position":"center center","background-size":"auto","background-attachment":"scroll","background-type":"","background-media":"","overlay-type":"","overlay-color":"","overlay-opacity":"","overlay-gradient":""},"mobile":{"background-color":"var(--ast-global-color-5)","background-image":"","background-repeat":"repeat","background-position":"center center","background-size":"auto","background-attachment":"scroll","background-type":"","background-media":"","overlay-type":"","overlay-color":"","overlay-opacity":"","overlay-gradient":""}},"footnotes":""},"class_list":["post-2653","page","type-page","status-publish","hentry"],"_links":{"self":[{"href":"https:\/\/holidayinnlongueuil.gmtpdigital.ca\/fr\/wp-json\/wp\/v2\/pages\/2653","targetHints":{"allow":["GET"]}}],"collection":[{"href":"https:\/\/holidayinnlongueuil.gmtpdigital.ca\/fr\/wp-json\/wp\/v2\/pages"}],"about":[{"href":"https:\/\/holidayinnlongueuil.gmtpdigital.ca\/fr\/wp-json\/wp\/v2\/types\/page"}],"author":[{"embeddable":true,"href":"https:\/\/holidayinnlongueuil.gmtpdigital.ca\/fr\/wp-json\/wp\/v2\/users\/22"}],"replies":[{"embeddable":true,"href":"https:\/\/holidayinnlongueuil.gmtpdigital.ca\/fr\/wp-json\/wp\/v2\/comments?post=2653"}],"version-history":[{"count":5,"href":"https:\/\/holidayinnlongueuil.gmtpdigital.ca\/fr\/wp-json\/wp\/v2\/pages\/2653\/revisions"}],"predecessor-version":[{"id":4431,"href":"https:\/\/holidayinnlongueuil.gmtpdigital.ca\/fr\/wp-json\/wp\/v2\/pages\/2653\/revisions\/4431"}],"up":[{"embeddable":true,"href":"https:\/\/holidayinnlongueuil.gmtpdigital.ca\/fr\/wp-json\/wp\/v2\/pages\/2658"}],"wp:attachment":[{"href":"https:\/\/holidayinnlongueuil.gmtpdigital.ca\/fr\/wp-json\/wp\/v2\/media?parent=2653"}],"curies":[{"name":"wp","href":"https:\/\/api.w.org\/{rel}","templated":true}]}}