{"id":2636,"date":"2022-10-08T20:50:45","date_gmt":"2022-10-08T20:50:45","guid":{"rendered":"https:\/\/holidayinnlongueuil.gmtpdigital.ca\/?page_id=2636"},"modified":"2023-03-28T15:27:58","modified_gmt":"2023-03-28T15:27:58","slug":"procedures-durgence","status":"publish","type":"page","link":"https:\/\/holidayinnlongueuil.gmtpdigital.ca\/fr\/procedures-durgence\/","title":{"rendered":"Proc\u00e9dures d\u2019urgence"},"content":{"rendered":"\t\t<div data-elementor-type=\"wp-page\" data-elementor-id=\"2636\" class=\"elementor elementor-2636 elementor-1001\">\n\t\t\t\t\t\t<section class=\"elementor-section elementor-top-section elementor-element elementor-element-6bb9fa9 elementor-section-full_width elementor-section-height-default elementor-section-height-default\" data-id=\"6bb9fa9\" data-element_type=\"section\" data-e-type=\"section\">\n\t\t\t\t\t\t<div class=\"elementor-container elementor-column-gap-default\">\n\t\t\t\t\t<div class=\"elementor-column elementor-col-100 elementor-top-column elementor-element elementor-element-50e232c\" data-id=\"50e232c\" data-element_type=\"column\" data-e-type=\"column\">\n\t\t\t<div class=\"elementor-widget-wrap elementor-element-populated\">\n\t\t\t\t\t\t<div class=\"elementor-element elementor-element-4340f46 elementor-widget elementor-widget-image\" data-id=\"4340f46\" data-element_type=\"widget\" data-e-type=\"widget\" data-widget_type=\"image.default\">\n\t\t\t\t<div class=\"elementor-widget-container\">\n\t\t\t\t\t\t\t\t\t\t\t\t\t\t\t<img fetchpriority=\"high\" decoding=\"async\" width=\"1024\" height=\"538\" src=\"https:\/\/holidayinnlongueuil.gmtpdigital.ca\/wp-content\/uploads\/sites\/377\/2022\/10\/emergency-exit-1321134_1280-1024x538-1.jpeg\" class=\"attachment-large size-large wp-image-2609\" alt=\"\" srcset=\"https:\/\/holidayinnlongueuil.gmtpdigital.ca\/wp-content\/uploads\/sites\/377\/2022\/10\/emergency-exit-1321134_1280-1024x538-1.jpeg 1024w, https:\/\/holidayinnlongueuil.gmtpdigital.ca\/wp-content\/uploads\/sites\/377\/2022\/10\/emergency-exit-1321134_1280-1024x538-1-300x158.jpeg 300w, https:\/\/holidayinnlongueuil.gmtpdigital.ca\/wp-content\/uploads\/sites\/377\/2022\/10\/emergency-exit-1321134_1280-1024x538-1-768x404.jpeg 768w\" sizes=\"(max-width: 1024px) 100vw, 1024px\" \/>\t\t\t\t\t\t\t\t\t\t\t\t\t\t\t<\/div>\n\t\t\t\t<\/div>\n\t\t\t\t\t<\/div>\n\t\t<\/div>\n\t\t\t\t\t<\/div>\n\t\t<\/section>\n\t\t\t\t<section class=\"elementor-section elementor-top-section elementor-element elementor-element-d277890 elementor-section-boxed elementor-section-height-default elementor-section-height-default\" data-id=\"d277890\" data-element_type=\"section\" data-e-type=\"section\">\n\t\t\t\t\t\t<div class=\"elementor-container elementor-column-gap-default\">\n\t\t\t\t\t<div class=\"elementor-column elementor-col-100 elementor-top-column elementor-element elementor-element-e5ff877\" data-id=\"e5ff877\" data-element_type=\"column\" data-e-type=\"column\">\n\t\t\t<div class=\"elementor-widget-wrap elementor-element-populated\">\n\t\t\t\t\t\t<div class=\"elementor-element elementor-element-9a4122b elementor-widget elementor-widget-text-editor\" data-id=\"9a4122b\" data-element_type=\"widget\" data-e-type=\"widget\" data-widget_type=\"text-editor.default\">\n\t\t\t\t<div class=\"elementor-widget-container\">\n\t\t\t\t\t\t\t\t\t<p>La s\u00e9curit\u00e9 personnelle et la s\u00e9curit\u00e9 de nos clients est tr\u00e8s importante pour nous. Nos employ\u00e9s se sont engag\u00e9s \u00e0 faire de votre s\u00e9jour un s\u00e9jour s\u00e9curitaire.<br \/>Veuillez prendre quelques minutes pour lire cette section afin de vous pr\u00e9parer \u00e0 l\u2019\u00e9ventualit\u00e9 qu\u2019une urgence puisse survenir. Avant d\u2019entrer dans votre chambre, veuillez rep\u00e9rer votre position par rapport aux sorties de secours, rep\u00e9rez votre sortie de secours principale, ainsi qu\u2019une sortie de secours alternative. Assurez-vous de conna\u00eetre l\u2019emplacement des deux extincteurs, des lances \u00e0 incendie et des alarmes incendie. Veuillez vous r\u00e9f\u00e9rer aux instructions situ\u00e9es \u00e0 l\u2019arri\u00e8re de la porte d\u2019entr\u00e9e de votre chambre.<\/p><p><strong>Incendie<br \/><\/strong>Veuillez vous familiariser avec l\u2019emplacement des escaliers de sortie d\u2019urgence le plus proche en cas de feu. Dans le cas peu probable d\u2019un incendie, veuillez vous d\u00e9placer rapidement mais calmement vers les escaliers. Si vous \u00eates t\u00e9moin d\u2019un incendie ou d\u2019un d\u00e9but de fum\u00e9e, veuillez en aviser imm\u00e9diatement la r\u00e9ception au poste \u00ab 0 \u00bb.<\/p><p><strong>Proc\u00e9dures d\u2019incendie<br \/><\/strong>La planification est la cl\u00e9 de votre s\u00e9curit\u00e9 dans le cas peu probable d\u2019un incendie.<\/p><ol><li>Si il y a une indication d\u2019un incendie, veuillez imm\u00e9diatement appeler le personnel de la r\u00e9ception au poste 0, donnez votre nom, num\u00e9ro de chambre et une br\u00e8ve description de la situation.<\/li><li>D\u00e9terminez un endroit pr\u00e9cis \u00e0 l\u2019ext\u00e9rieur afin que vous et votre groupe puissiez vous retrouver.<\/li><li>Touchez la porte avec la paume de votre main. Si la porte ou la poign\u00e9e de la porte est chaude, ne pas l\u2019ouvrir.<\/li><li>Si la porte n\u2019est pas chaude, agenouillez-vous et ouvrez lentement la porte. Si de la fum\u00e9e est pr\u00e9sente, refermez la porte rapidement. S\u2019il n\u2019y a pas de fum\u00e9e dans le couloir, dirigez- vous vers la sortie de secours la plus proche. Prenez la cl\u00e9 de votre chambre et d\u00e9placez-vous prudemment. Fermez la porte derri\u00e8re vous. Ne prenez pas l\u2019ascenseur.<\/li><li>Ne restez pas debout, mais rampez plut\u00f4t au sol afin d\u2019\u00e9viter la fum\u00e9e et la contamination au monoxyde de carbone.<\/li><li>Restez sur le m\u00eame c\u00f4t\u00e9 du couloir et comptez le nombre de portes qu\u2019il y a jusqu\u2019\u00e0 la sortie d\u2019urgence.<\/li><li>Lorsque vous atteignez la sortie, marchez vite, mais avec prudence dans les escaliers tout en vous tenant solidement \u00e0 la rampe. Si vous rencontrez de la fum\u00e9e, n\u2019essayez pas d\u2019aller plus loin, rebroussez chemin et essayez de trouver un couloir sans fum\u00e9e et sa sortie de secours. N\u2019utilisez jamais l\u2019ascenseur.<\/li><li>Si vous ne parvenez pas \u00e0 quitter votre chambre, veuillez appeler le personnel de la r\u00e9ception au poste\u2019\u2019 0 \u201c ou le service d\u2019incendie en composant le 9 + 911.<\/li><li>Une serviette humide autour de votre nez et de votre bouche aidera \u00e0 filtrer la fum\u00e9e.<\/li><li>S\u2019il y a du feu \u00e0 l\u2019ext\u00e9rieur de la vitre, enlevez les rideaux du mur et d\u00e9placez tout ce qui est inflammable loin de la fen\u00eatre.<\/li><li>Ne sautez pas de votre chambre en toute circonstance. Continuez \u00e0 vous prot\u00e9ger contre le feu et signalez votre pr\u00e9sence pour de l\u2019aide \u00e0 partir de votre fen\u00eatre.<\/li><\/ol><p><strong>Double Serrure &amp; Cha\u00eenes<br \/><\/strong>Pour plus de s\u00e9curit\u00e9, utilisez le verrou \u00e0 bouton sur la porte. Cela permettra d\u2019\u00e9viter que la porte soit ouverte par une cl\u00e9 de chambre r\u00e9guli\u00e8re. Comme pr\u00e9caution suppl\u00e9mentaire, veuillez s\u00e9curiser le verrouillage de s\u00e9curit\u00e9.<\/p><p><strong>Invit\u00e9s<br \/><\/strong>Ne pas admettre de personnes dans votre chambre sans d\u2019abord les avoir identifi\u00e9es. Pour savoir qui est \u00e0 votre porte, regardez dans l\u2019oeil magique de votre porte.<br \/>Ne jamais laisser la porte de votre chambre ouverte et ne jamais inviter des \u00e9trangers dans votre chambre. S\u2019il y a un doute sur l\u2019identit\u00e9 de la personne \u00e0 votre porte, veuillez communiquer avec la r\u00e9ception, au poste \u00ab0\u00bb.<\/p><p><strong>Cl\u00e9s<br \/><\/strong>Toujours garder votre cl\u00e9 de chambre \u00e0 votre port\u00e9e. Ne la laissez pas dans votre chambre et ne la donnez pas \u00e0 personne.<\/p>\t\t\t\t\t\t\t\t<\/div>\n\t\t\t\t<\/div>\n\t\t\t\t\t<\/div>\n\t\t<\/div>\n\t\t\t\t\t<\/div>\n\t\t<\/section>\n\t\t\t\t<\/div>\n\t\t","protected":false},"excerpt":{"rendered":"<p>\/*! elementor &#8211; v3.7.4 &#8211; 31-08-2022 *\/ .elementor-widget-image{text-align:center}.elementor-widget-image a{display:inline-block}.elementor-widget-image a img[src$=\u00a0\u00bb.svg\u00a0\u00bb]{width:48px}.elementor-widget-image img{vertical-align:middle;display:inline-block} La s\u00e9curit\u00e9 personnelle et la s\u00e9curit\u00e9 de nos clients est tr\u00e8s importante pour nous. Nos employ\u00e9s se sont engag\u00e9s \u00e0 faire de votre s\u00e9jour un s\u00e9jour s\u00e9curitaire.Veuillez prendre quelques minutes pour lire cette section afin de vous pr\u00e9parer \u00e0 l\u2019\u00e9ventualit\u00e9 qu\u2019une urgence puisse [&hellip;]<\/p>\n","protected":false},"author":22,"featured_media":0,"parent":0,"menu_order":0,"comment_status":"closed","ping_status":"closed","template":"","meta":{"_mi_skip_tracking":false,"site-sidebar-layout":"no-sidebar","site-content-layout":"page-builder","ast-site-content-layout":"default","site-content-style":"default","site-sidebar-style":"default","ast-global-header-display":"","ast-banner-title-visibility":"","ast-main-header-display":"","ast-hfb-above-header-display":"","ast-hfb-below-header-display":"","ast-hfb-mobile-header-display":"","site-post-title":"disabled","ast-breadcrumbs-content":"","ast-featured-img":"disabled","footer-sml-layout":"","ast-disable-related-posts":"","theme-transparent-header-meta":"default","adv-header-id-meta":"","stick-header-meta":"","header-above-stick-meta":"","header-main-stick-meta":"","header-below-stick-meta":"","astra-migrate-meta-layouts":"default","ast-page-background-enabled":"default","ast-page-background-meta":{"desktop":{"background-color":"var(--ast-global-color-4)","background-image":"","background-repeat":"repeat","background-position":"center center","background-size":"auto","background-attachment":"scroll","background-type":"","background-media":"","overlay-type":"","overlay-color":"","overlay-opacity":"","overlay-gradient":""},"tablet":{"background-color":"","background-image":"","background-repeat":"repeat","background-position":"center center","background-size":"auto","background-attachment":"scroll","background-type":"","background-media":"","overlay-type":"","overlay-color":"","overlay-opacity":"","overlay-gradient":""},"mobile":{"background-color":"","background-image":"","background-repeat":"repeat","background-position":"center center","background-size":"auto","background-attachment":"scroll","background-type":"","background-media":"","overlay-type":"","overlay-color":"","overlay-opacity":"","overlay-gradient":""}},"ast-content-background-meta":{"desktop":{"background-color":"var(--ast-global-color-5)","background-image":"","background-repeat":"repeat","background-position":"center center","background-size":"auto","background-attachment":"scroll","background-type":"","background-media":"","overlay-type":"","overlay-color":"","overlay-opacity":"","overlay-gradient":""},"tablet":{"background-color":"var(--ast-global-color-5)","background-image":"","background-repeat":"repeat","background-position":"center center","background-size":"auto","background-attachment":"scroll","background-type":"","background-media":"","overlay-type":"","overlay-color":"","overlay-opacity":"","overlay-gradient":""},"mobile":{"background-color":"var(--ast-global-color-5)","background-image":"","background-repeat":"repeat","background-position":"center center","background-size":"auto","background-attachment":"scroll","background-type":"","background-media":"","overlay-type":"","overlay-color":"","overlay-opacity":"","overlay-gradient":""}},"footnotes":""},"class_list":["post-2636","page","type-page","status-publish","hentry"],"_links":{"self":[{"href":"https:\/\/holidayinnlongueuil.gmtpdigital.ca\/fr\/wp-json\/wp\/v2\/pages\/2636","targetHints":{"allow":["GET"]}}],"collection":[{"href":"https:\/\/holidayinnlongueuil.gmtpdigital.ca\/fr\/wp-json\/wp\/v2\/pages"}],"about":[{"href":"https:\/\/holidayinnlongueuil.gmtpdigital.ca\/fr\/wp-json\/wp\/v2\/types\/page"}],"author":[{"embeddable":true,"href":"https:\/\/holidayinnlongueuil.gmtpdigital.ca\/fr\/wp-json\/wp\/v2\/users\/22"}],"replies":[{"embeddable":true,"href":"https:\/\/holidayinnlongueuil.gmtpdigital.ca\/fr\/wp-json\/wp\/v2\/comments?post=2636"}],"version-history":[{"count":11,"href":"https:\/\/holidayinnlongueuil.gmtpdigital.ca\/fr\/wp-json\/wp\/v2\/pages\/2636\/revisions"}],"predecessor-version":[{"id":4347,"href":"https:\/\/holidayinnlongueuil.gmtpdigital.ca\/fr\/wp-json\/wp\/v2\/pages\/2636\/revisions\/4347"}],"wp:attachment":[{"href":"https:\/\/holidayinnlongueuil.gmtpdigital.ca\/fr\/wp-json\/wp\/v2\/media?parent=2636"}],"curies":[{"name":"wp","href":"https:\/\/api.w.org\/{rel}","templated":true}]}}