{"id":2619,"date":"2022-10-08T20:28:39","date_gmt":"2022-10-08T20:28:39","guid":{"rendered":"https:\/\/holidayinnlongueuil.gmtpdigital.ca\/?page_id=2619"},"modified":"2023-03-28T15:15:52","modified_gmt":"2023-03-28T15:15:52","slug":"liste-des-chaines-de-television","status":"publish","type":"page","link":"https:\/\/holidayinnlongueuil.gmtpdigital.ca\/fr\/liste-des-chaines-de-television\/","title":{"rendered":"Liste des cha\u00eenes de t\u00e9l\u00e9vision"},"content":{"rendered":"\t\t<div data-elementor-type=\"wp-page\" data-elementor-id=\"2619\" class=\"elementor elementor-2619 elementor-1021\">\n\t\t\t\t\t\t<section class=\"elementor-section elementor-top-section elementor-element elementor-element-e3280ce elementor-section-full_width elementor-section-height-default elementor-section-height-default\" data-id=\"e3280ce\" data-element_type=\"section\" data-e-type=\"section\">\n\t\t\t\t\t\t<div class=\"elementor-container elementor-column-gap-default\">\n\t\t\t\t\t<div class=\"elementor-column elementor-col-100 elementor-top-column elementor-element elementor-element-7ee450b\" data-id=\"7ee450b\" data-element_type=\"column\" data-e-type=\"column\">\n\t\t\t<div class=\"elementor-widget-wrap elementor-element-populated\">\n\t\t\t\t\t\t<div class=\"elementor-element elementor-element-ede4e95 elementor-widget elementor-widget-image\" data-id=\"ede4e95\" data-element_type=\"widget\" data-e-type=\"widget\" data-widget_type=\"image.default\">\n\t\t\t\t<div class=\"elementor-widget-container\">\n\t\t\t\t\t\t\t\t\t\t\t\t\t\t\t<img fetchpriority=\"high\" decoding=\"async\" width=\"1024\" height=\"683\" src=\"https:\/\/holidayinnlongueuil.gmtpdigital.ca\/wp-content\/uploads\/sites\/377\/2022\/10\/room-2559790_1920-1024x683-1.jpeg\" class=\"attachment-large size-large wp-image-2611\" alt=\"\" srcset=\"https:\/\/holidayinnlongueuil.gmtpdigital.ca\/wp-content\/uploads\/sites\/377\/2022\/10\/room-2559790_1920-1024x683-1.jpeg 1024w, https:\/\/holidayinnlongueuil.gmtpdigital.ca\/wp-content\/uploads\/sites\/377\/2022\/10\/room-2559790_1920-1024x683-1-300x200.jpeg 300w, https:\/\/holidayinnlongueuil.gmtpdigital.ca\/wp-content\/uploads\/sites\/377\/2022\/10\/room-2559790_1920-1024x683-1-768x512.jpeg 768w\" sizes=\"(max-width: 1024px) 100vw, 1024px\" \/>\t\t\t\t\t\t\t\t\t\t\t\t\t\t\t<\/div>\n\t\t\t\t<\/div>\n\t\t\t\t\t<\/div>\n\t\t<\/div>\n\t\t\t\t\t<\/div>\n\t\t<\/section>\n\t\t\t\t<section class=\"elementor-section elementor-top-section elementor-element elementor-element-d277890 elementor-section-boxed elementor-section-height-default elementor-section-height-default\" data-id=\"d277890\" data-element_type=\"section\" data-e-type=\"section\">\n\t\t\t\t\t\t<div class=\"elementor-container elementor-column-gap-default\">\n\t\t\t\t\t<div class=\"elementor-column elementor-col-100 elementor-top-column elementor-element elementor-element-e5ff877\" data-id=\"e5ff877\" data-element_type=\"column\" data-e-type=\"column\">\n\t\t\t<div class=\"elementor-widget-wrap elementor-element-populated\">\n\t\t\t\t\t\t<div class=\"elementor-element elementor-element-9a4122b elementor-widget elementor-widget-text-editor\" data-id=\"9a4122b\" data-element_type=\"widget\" data-e-type=\"widget\" data-widget_type=\"text-editor.default\">\n\t\t\t\t<div class=\"elementor-widget-container\">\n\t\t\t\t\t\t\t\t\t<p>02 CTV Montreal HD<br \/>03 Global Toronto HD<br \/>04 NBC Boston HD<br \/>05 ABC Boston HD<br \/>06 CBS Boston HD<br \/>07 Fox Boston HD<br \/>08 MovieTime HD<br \/>09 Lifetime HD<br \/>10 TSN HD<br \/>11 CNN HD<br \/>12 MSNBC HD<br \/>13 Discovery HD<br \/>14 Much Music HD<br \/>15 Disney XD HD<br \/>16 RDS HD<br \/>17 TVA Sports HD<br \/>18 CBC Montreal<br \/>19 Citytv Toronto<br \/>20 PBS Boston<br \/>21 The Weather Network<br \/>22 Fox News Channel<br \/>23 CBC News Network<br \/>24 Rogers Sportsnet One<br \/>25 T\u00e9l\u00e9toon (Fr)<br \/>26 Yoopa<br \/>27 Treehouse<br \/>28 Musique Plus<br \/>29 E! Entertainment Canada<br \/>30 A &amp; E<br \/>31 SRC &#8211; Montr\u00e9al (LCN)<br \/>32 V &#8211; Montr\u00e9al<br \/>33 TVA &#8211; Montr\u00e9al<br \/>34 TV5 Quebec Canada<br \/>35 RDI &#8211; R\u00e9seau d\u2019information<br \/>36 Le Canal Nouvelles<br \/>37 Canal D<br \/>38 M\u00e9t\u00e9o M\u00e9dia<br \/>39 CPAC &#8211; Cable Public Affairs<br \/>40 La cha\u00eene politique Canada<br \/>41 The Accessible Channel<\/p>\t\t\t\t\t\t\t\t<\/div>\n\t\t\t\t<\/div>\n\t\t\t\t\t<\/div>\n\t\t<\/div>\n\t\t\t\t\t<\/div>\n\t\t<\/section>\n\t\t\t\t<\/div>\n\t\t","protected":false},"excerpt":{"rendered":"<p>\/*! elementor &#8211; v3.7.4 &#8211; 31-08-2022 *\/ .elementor-widget-image{text-align:center}.elementor-widget-image a{display:inline-block}.elementor-widget-image a img[src$=\u00a0\u00bb.svg\u00a0\u00bb]{width:48px}.elementor-widget-image img{vertical-align:middle;display:inline-block} 02 CTV Montreal HD03 Global Toronto HD04 NBC Boston HD05 ABC Boston HD06 CBS Boston HD07 Fox Boston HD08 MovieTime HD09 Lifetime HD10 TSN HD11 CNN HD12 MSNBC HD13 Discovery HD14 Much Music HD15 Disney XD HD16 RDS HD17 TVA Sports HD18 CBC [&hellip;]<\/p>\n","protected":false},"author":22,"featured_media":0,"parent":0,"menu_order":0,"comment_status":"closed","ping_status":"closed","template":"","meta":{"_mi_skip_tracking":false,"site-sidebar-layout":"no-sidebar","site-content-layout":"page-builder","ast-site-content-layout":"default","site-content-style":"default","site-sidebar-style":"default","ast-global-header-display":"","ast-banner-title-visibility":"","ast-main-header-display":"","ast-hfb-above-header-display":"","ast-hfb-below-header-display":"","ast-hfb-mobile-header-display":"","site-post-title":"disabled","ast-breadcrumbs-content":"","ast-featured-img":"disabled","footer-sml-layout":"","ast-disable-related-posts":"","theme-transparent-header-meta":"default","adv-header-id-meta":"","stick-header-meta":"","header-above-stick-meta":"","header-main-stick-meta":"","header-below-stick-meta":"","astra-migrate-meta-layouts":"default","ast-page-background-enabled":"default","ast-page-background-meta":{"desktop":{"background-color":"var(--ast-global-color-4)","background-image":"","background-repeat":"repeat","background-position":"center center","background-size":"auto","background-attachment":"scroll","background-type":"","background-media":"","overlay-type":"","overlay-color":"","overlay-opacity":"","overlay-gradient":""},"tablet":{"background-color":"","background-image":"","background-repeat":"repeat","background-position":"center center","background-size":"auto","background-attachment":"scroll","background-type":"","background-media":"","overlay-type":"","overlay-color":"","overlay-opacity":"","overlay-gradient":""},"mobile":{"background-color":"","background-image":"","background-repeat":"repeat","background-position":"center center","background-size":"auto","background-attachment":"scroll","background-type":"","background-media":"","overlay-type":"","overlay-color":"","overlay-opacity":"","overlay-gradient":""}},"ast-content-background-meta":{"desktop":{"background-color":"var(--ast-global-color-5)","background-image":"","background-repeat":"repeat","background-position":"center center","background-size":"auto","background-attachment":"scroll","background-type":"","background-media":"","overlay-type":"","overlay-color":"","overlay-opacity":"","overlay-gradient":""},"tablet":{"background-color":"var(--ast-global-color-5)","background-image":"","background-repeat":"repeat","background-position":"center center","background-size":"auto","background-attachment":"scroll","background-type":"","background-media":"","overlay-type":"","overlay-color":"","overlay-opacity":"","overlay-gradient":""},"mobile":{"background-color":"var(--ast-global-color-5)","background-image":"","background-repeat":"repeat","background-position":"center center","background-size":"auto","background-attachment":"scroll","background-type":"","background-media":"","overlay-type":"","overlay-color":"","overlay-opacity":"","overlay-gradient":""}},"footnotes":""},"class_list":["post-2619","page","type-page","status-publish","hentry"],"_links":{"self":[{"href":"https:\/\/holidayinnlongueuil.gmtpdigital.ca\/fr\/wp-json\/wp\/v2\/pages\/2619","targetHints":{"allow":["GET"]}}],"collection":[{"href":"https:\/\/holidayinnlongueuil.gmtpdigital.ca\/fr\/wp-json\/wp\/v2\/pages"}],"about":[{"href":"https:\/\/holidayinnlongueuil.gmtpdigital.ca\/fr\/wp-json\/wp\/v2\/types\/page"}],"author":[{"embeddable":true,"href":"https:\/\/holidayinnlongueuil.gmtpdigital.ca\/fr\/wp-json\/wp\/v2\/users\/22"}],"replies":[{"embeddable":true,"href":"https:\/\/holidayinnlongueuil.gmtpdigital.ca\/fr\/wp-json\/wp\/v2\/comments?post=2619"}],"version-history":[{"count":11,"href":"https:\/\/holidayinnlongueuil.gmtpdigital.ca\/fr\/wp-json\/wp\/v2\/pages\/2619\/revisions"}],"predecessor-version":[{"id":4332,"href":"https:\/\/holidayinnlongueuil.gmtpdigital.ca\/fr\/wp-json\/wp\/v2\/pages\/2619\/revisions\/4332"}],"wp:attachment":[{"href":"https:\/\/holidayinnlongueuil.gmtpdigital.ca\/fr\/wp-json\/wp\/v2\/media?parent=2619"}],"curies":[{"name":"wp","href":"https:\/\/api.w.org\/{rel}","templated":true}]}}