{"id":2602,"date":"2022-10-08T20:09:15","date_gmt":"2022-10-08T20:09:15","guid":{"rendered":"https:\/\/holidayinnlongueuil.gmtpdigital.ca\/?page_id=2602"},"modified":"2022-10-08T20:10:14","modified_gmt":"2022-10-08T20:10:14","slug":"services-aux-entreprises","status":"publish","type":"page","link":"https:\/\/holidayinnlongueuil.gmtpdigital.ca\/fr\/services-aux-entreprises\/","title":{"rendered":"Services aux entreprises"},"content":{"rendered":"\t\t<div data-elementor-type=\"wp-page\" data-elementor-id=\"2602\" class=\"elementor elementor-2602 elementor-950\">\n\t\t\t\t\t\t<section class=\"elementor-section elementor-top-section elementor-element elementor-element-d277890 elementor-section-boxed elementor-section-height-default elementor-section-height-default\" data-id=\"d277890\" data-element_type=\"section\" data-e-type=\"section\">\n\t\t\t\t\t\t<div class=\"elementor-container elementor-column-gap-default\">\n\t\t\t\t\t<div class=\"elementor-column elementor-col-100 elementor-top-column elementor-element elementor-element-e5ff877\" data-id=\"e5ff877\" data-element_type=\"column\" data-e-type=\"column\">\n\t\t\t<div class=\"elementor-widget-wrap elementor-element-populated\">\n\t\t\t\t\t\t<div class=\"elementor-element elementor-element-9a4122b elementor-widget elementor-widget-text-editor\" data-id=\"9a4122b\" data-element_type=\"widget\" data-e-type=\"widget\" data-widget_type=\"text-editor.default\">\n\t\t\t\t<div class=\"elementor-widget-container\">\n\t\t\t\t\t\t\t\t\t<p>Le personnel \u00e0 la r\u00e9ception vous aidera de son mieux afin de faire de votre voyage ou votre rencontre d\u2019affaires un succ\u00e8s. Nous offrons plusieurs commodit\u00e9s aux voyageurs d\u2019affaires.<\/p><p>\u2022 Petit-d\u00e9jeuner chaud disponible<br \/>\u2022 Caf\u00e9 gratuit 24h\/7<br \/>\u2022 Journal hebdomadaire gratuit<br \/>\u2022 Tarifs d\u2019entreprise sp\u00e9ciaux<br \/>\u2022 Fax, photocopie et service de messagerie<br \/>\u2022 Courrier ramassage<br \/>\u2022 Appels locaux illimit\u00e9s<br \/>\u2022 Chambres avec Dataport Jacks pour ordinateur pratique hook-up<\/p><p>Demandez les d\u00e9tails \u00e0 la r\u00e9ception<\/p>\t\t\t\t\t\t\t\t<\/div>\n\t\t\t\t<\/div>\n\t\t\t\t\t<\/div>\n\t\t<\/div>\n\t\t\t\t\t<\/div>\n\t\t<\/section>\n\t\t\t\t<\/div>\n\t\t","protected":false},"excerpt":{"rendered":"<p>Le personnel \u00e0 la r\u00e9ception vous aidera de son mieux afin de faire de votre voyage ou votre rencontre d\u2019affaires un succ\u00e8s. Nous offrons plusieurs commodit\u00e9s aux voyageurs d\u2019affaires. \u2022 Petit-d\u00e9jeuner chaud disponible\u2022 Caf\u00e9 gratuit 24h\/7\u2022 Journal hebdomadaire gratuit\u2022 Tarifs d\u2019entreprise sp\u00e9ciaux\u2022 Fax, photocopie et service de messagerie\u2022 Courrier ramassage\u2022 Appels locaux illimit\u00e9s\u2022 Chambres avec [&hellip;]<\/p>\n","protected":false},"author":22,"featured_media":0,"parent":0,"menu_order":0,"comment_status":"closed","ping_status":"closed","template":"","meta":{"_mi_skip_tracking":false,"site-sidebar-layout":"no-sidebar","site-content-layout":"page-builder","ast-site-content-layout":"default","site-content-style":"default","site-sidebar-style":"default","ast-global-header-display":"","ast-banner-title-visibility":"","ast-main-header-display":"","ast-hfb-above-header-display":"","ast-hfb-below-header-display":"","ast-hfb-mobile-header-display":"","site-post-title":"disabled","ast-breadcrumbs-content":"","ast-featured-img":"disabled","footer-sml-layout":"","ast-disable-related-posts":"","theme-transparent-header-meta":"default","adv-header-id-meta":"","stick-header-meta":"","header-above-stick-meta":"","header-main-stick-meta":"","header-below-stick-meta":"","astra-migrate-meta-layouts":"default","ast-page-background-enabled":"default","ast-page-background-meta":{"desktop":{"background-color":"var(--ast-global-color-4)","background-image":"","background-repeat":"repeat","background-position":"center center","background-size":"auto","background-attachment":"scroll","background-type":"","background-media":"","overlay-type":"","overlay-color":"","overlay-opacity":"","overlay-gradient":""},"tablet":{"background-color":"","background-image":"","background-repeat":"repeat","background-position":"center center","background-size":"auto","background-attachment":"scroll","background-type":"","background-media":"","overlay-type":"","overlay-color":"","overlay-opacity":"","overlay-gradient":""},"mobile":{"background-color":"","background-image":"","background-repeat":"repeat","background-position":"center center","background-size":"auto","background-attachment":"scroll","background-type":"","background-media":"","overlay-type":"","overlay-color":"","overlay-opacity":"","overlay-gradient":""}},"ast-content-background-meta":{"desktop":{"background-color":"var(--ast-global-color-5)","background-image":"","background-repeat":"repeat","background-position":"center center","background-size":"auto","background-attachment":"scroll","background-type":"","background-media":"","overlay-type":"","overlay-color":"","overlay-opacity":"","overlay-gradient":""},"tablet":{"background-color":"var(--ast-global-color-5)","background-image":"","background-repeat":"repeat","background-position":"center center","background-size":"auto","background-attachment":"scroll","background-type":"","background-media":"","overlay-type":"","overlay-color":"","overlay-opacity":"","overlay-gradient":""},"mobile":{"background-color":"var(--ast-global-color-5)","background-image":"","background-repeat":"repeat","background-position":"center center","background-size":"auto","background-attachment":"scroll","background-type":"","background-media":"","overlay-type":"","overlay-color":"","overlay-opacity":"","overlay-gradient":""}},"footnotes":""},"class_list":["post-2602","page","type-page","status-publish","hentry"],"_links":{"self":[{"href":"https:\/\/holidayinnlongueuil.gmtpdigital.ca\/fr\/wp-json\/wp\/v2\/pages\/2602","targetHints":{"allow":["GET"]}}],"collection":[{"href":"https:\/\/holidayinnlongueuil.gmtpdigital.ca\/fr\/wp-json\/wp\/v2\/pages"}],"about":[{"href":"https:\/\/holidayinnlongueuil.gmtpdigital.ca\/fr\/wp-json\/wp\/v2\/types\/page"}],"author":[{"embeddable":true,"href":"https:\/\/holidayinnlongueuil.gmtpdigital.ca\/fr\/wp-json\/wp\/v2\/users\/22"}],"replies":[{"embeddable":true,"href":"https:\/\/holidayinnlongueuil.gmtpdigital.ca\/fr\/wp-json\/wp\/v2\/comments?post=2602"}],"version-history":[{"count":4,"href":"https:\/\/holidayinnlongueuil.gmtpdigital.ca\/fr\/wp-json\/wp\/v2\/pages\/2602\/revisions"}],"predecessor-version":[{"id":2606,"href":"https:\/\/holidayinnlongueuil.gmtpdigital.ca\/fr\/wp-json\/wp\/v2\/pages\/2602\/revisions\/2606"}],"wp:attachment":[{"href":"https:\/\/holidayinnlongueuil.gmtpdigital.ca\/fr\/wp-json\/wp\/v2\/media?parent=2602"}],"curies":[{"name":"wp","href":"https:\/\/api.w.org\/{rel}","templated":true}]}}