{"id":2571,"date":"2022-10-08T17:35:44","date_gmt":"2022-10-08T17:35:44","guid":{"rendered":"https:\/\/holidayinnlongueuil.gmtpdigital.ca\/?page_id=2571"},"modified":"2023-03-28T15:06:36","modified_gmt":"2023-03-28T15:06:36","slug":"services-hotel","status":"publish","type":"page","link":"https:\/\/holidayinnlongueuil.gmtpdigital.ca\/fr\/services-hotel\/","title":{"rendered":"Services de l\u2019h\u00f4tel"},"content":{"rendered":"\t\t<div data-elementor-type=\"wp-page\" data-elementor-id=\"2571\" class=\"elementor elementor-2571 elementor-2560\">\n\t\t\t\t\t\t<section class=\"elementor-section elementor-top-section elementor-element elementor-element-35882ef elementor-section-full_width elementor-section-height-default elementor-section-height-default\" data-id=\"35882ef\" data-element_type=\"section\" data-e-type=\"section\">\n\t\t\t\t\t\t<div class=\"elementor-container elementor-column-gap-default\">\n\t\t\t\t\t<div class=\"elementor-column elementor-col-100 elementor-top-column elementor-element elementor-element-6212f7a\" data-id=\"6212f7a\" data-element_type=\"column\" data-e-type=\"column\">\n\t\t\t<div class=\"elementor-widget-wrap elementor-element-populated\">\n\t\t\t\t\t\t<div class=\"elementor-element elementor-element-f7933f6 elementor-widget elementor-widget-image\" data-id=\"f7933f6\" data-element_type=\"widget\" data-e-type=\"widget\" data-widget_type=\"image.default\">\n\t\t\t\t<div class=\"elementor-widget-container\">\n\t\t\t\t\t\t\t\t\t\t\t\t\t\t\t<img fetchpriority=\"high\" decoding=\"async\" width=\"670\" height=\"414\" src=\"https:\/\/holidayinnlongueuil.gmtpdigital.ca\/wp-content\/uploads\/sites\/377\/2023\/03\/HIL_Photo_04-4.jpeg\" class=\"attachment-large size-large wp-image-4193\" alt=\"\" srcset=\"https:\/\/holidayinnlongueuil.gmtpdigital.ca\/wp-content\/uploads\/sites\/377\/2023\/03\/HIL_Photo_04-4.jpeg 670w, https:\/\/holidayinnlongueuil.gmtpdigital.ca\/wp-content\/uploads\/sites\/377\/2023\/03\/HIL_Photo_04-4-300x185.jpeg 300w\" sizes=\"(max-width: 670px) 100vw, 670px\" \/>\t\t\t\t\t\t\t\t\t\t\t\t\t\t\t<\/div>\n\t\t\t\t<\/div>\n\t\t\t\t\t<\/div>\n\t\t<\/div>\n\t\t\t\t\t<\/div>\n\t\t<\/section>\n\t\t\t\t<section class=\"elementor-section elementor-top-section elementor-element elementor-element-2647a0f elementor-section-boxed elementor-section-height-default elementor-section-height-default\" data-id=\"2647a0f\" data-element_type=\"section\" data-e-type=\"section\">\n\t\t\t\t\t\t<div class=\"elementor-container elementor-column-gap-default\">\n\t\t\t\t\t<div class=\"elementor-column elementor-col-100 elementor-top-column elementor-element elementor-element-83482a8\" data-id=\"83482a8\" data-element_type=\"column\" data-e-type=\"column\">\n\t\t\t<div class=\"elementor-widget-wrap elementor-element-populated\">\n\t\t\t\t\t\t<div class=\"elementor-element elementor-element-027e082 elementor-widget elementor-widget-text-editor\" data-id=\"027e082\" data-element_type=\"widget\" data-e-type=\"widget\" data-widget_type=\"text-editor.default\">\n\t\t\t\t<div class=\"elementor-widget-container\">\n\t\t\t\t\t\t\t\t\t<p><strong>Service ATM<\/strong><br \/>Un guichet automatique est situ\u00e9 dans le hall de l\u2019H\u00f4tel, pr\u00e8s de la r\u00e9ception.<\/p><p><strong>A\u00e9roport<\/strong><br \/>A\u00e9roport Pierre-Elliot-Trudeau<br \/>514-394-7377<br \/>A\u00e9roport Saint-Hubert Longueuil<br \/>450-678-6030<\/p><p>Location d\u2019Automobiles Composez le 0<br \/>Notre personnel de la r\u00e9ception sera heureux de vous aider pour les formalit\u00e9s de location de voitures ou le service de limousine.<\/p><p><strong>Hertz &#8211; Location d\u2019autos<\/strong> 450-676-0077<br \/>Discount &#8211; Location d\u2019autos et camions 450-646-4846<br \/>Enterprise &#8211; Location d\u2019autos 450-670-6700<br \/>Avis &#8211; Location d\u2019autos et camions 450-646-4636<\/p><p><strong>Lits de b\u00e9b\u00e9 \/ Lits pliants<\/strong><br \/>Composez le 0<br \/>Le personnel de la r\u00e9ception se fera un plaisir de livrer un berceau gratuit dans votre chambre. Les lits pliants sont disponibles (premier arriv\u00e9, premier servi). ($)<\/p><p><strong>Service de bagages<br \/><\/strong>Composez le 0<br \/>Si vous avez besoin d\u2019aide avec vos bagages, merci de contacter le personnel de la r\u00e9ception 30 minutes avant votre d\u00e9part.<\/p><p><strong>Centre d\u2019affaires<br \/><\/strong>Nous sommes heureux d\u2019offrir un centre d\u2019affaires situ\u00e9 dans le hall d\u2019entr\u00e9e.<br \/>\u00c9quip\u00e9 d\u2019ordinateurs et d\u2019une imprimante. Ouvert 24 heures<\/p><p><strong>Coffres-forts<\/strong> <br \/>Composez le 0<br \/>Disponible \u00e0 la r\u00e9ception.<\/p><p><strong>Heure d\u2019arriv\u00e9e &#8211; 15:00<br \/><\/strong>Composez le 0<br \/>Pour une arriv\u00e9e avant 15:00, nous pouvons entreposer vos bagages en toute s\u00e9curit\u00e9.<\/p><p><strong>Heure de d\u00e9part \u2013 12:00<br \/><\/strong>Composez le 0<br \/>Pour un d\u00e9part apr\u00e8s 12:00, veuillez contacter le personnel de r\u00e9ception. Tous les efforts seront d\u00e9ploy\u00e9s afin de r\u00e9pondre \u00e0 votre demande. Si vous laissez la chambre plus tard que l\u2019heure exig\u00e9e, des frais suppl\u00e9mentaires pourraient s\u2019appliquer.<\/p><p><strong>\u00c9glises<\/strong> <br \/>Composez le 0<br \/>Communiquez avec la r\u00e9ception pour de plus amples informations sur les lieux de culte \u00e0 proximit\u00e9, ou r\u00e9f\u00e9rez vous \u00e0 la section \u2018\u2019Sortir et D\u00e9couvrir\u2019\u2019 de ce r\u00e9pertoire pour obtenir une liste des endroits \u00e0 proximit\u00e9.<\/p><p><strong>Caf\u00e9<br \/><\/strong>Le caf\u00e9 est disponible pr\u00e8s de la r\u00e9ception entre 5h00 et 7h00.<\/p><p><strong>Photocopieuse<\/strong> <br \/>Composez le 0<br \/>Situ\u00e9e \u00e0 la r\u00e9ception (0,10$ par copie).<\/p><p><strong>Services de courrier<br \/><\/strong>Composez le 0<br \/>Fedex, UPS et Purolator font des cueillettes r\u00e9guli\u00e8res \u00e0 la r\u00e9ception du lundi au vendredi, \u00e0 l\u2019exclusion des jours f\u00e9ri\u00e9s. La derni\u00e8re cueillette de la journ\u00e9e est \u00e0 17h00. Une bo\u00eete aux lettres est situ\u00e9e \u00e0 l\u2019ext\u00e9rieur de l\u2019h\u00f4tel, devant l\u2019entr\u00e9e principale. Nous pouvons timbrer vos lettres \u00e0 votre demande. La lev\u00e9e du courrier est du lundi au vendredi \u00e0 8 h 30 et le samedi \u00e0 14 h.<\/p><p><strong>Cartes de cr\u00e9dit<br \/><\/strong>Nous honorons MasterCard, American Express, Visa, Discover, Diners Club et JCB.<\/p><p><strong>Buanderie \/ Nettoyage \u00e0 sec<\/strong> <br \/>Composez le 0<br \/>Un service de buanderie et de nettoyage \u00e0 sec est offert du lundi au vendredi. Pour que vos v\u00eatements soient nettoy\u00e9s dans la m\u00eame journ\u00e9e, veuillez les apporter \u00e0 la r\u00e9ception avant 9 h 00.<\/p><p><strong>Urgences 9 + 911<br \/><\/strong>Pour toute assistance m\u00e9dicale ou en cas d\u2019accident.<\/p><p><strong>T\u00e9l\u00e9copie<\/strong> <br \/>Composez le 0<br \/>Le num\u00e9ro de t\u00e9l\u00e9copie de l\u2019h\u00f4tel est le 450-646-7786.<br \/>R\u00e9ception, sans frais. Interurbain (1,00 $ par page).<\/p><p><strong>Centre de conditionnement physique<br \/><\/strong>La salle d\u2019exercice est situ\u00e9e pr\u00e8s de la piscine et du bar, au rez-de-chauss\u00e9e de l\u2019h\u00f4tel. Les heures d\u2019ouverture peuvent varier. S.V.P communiquer avec la r\u00e9ception en composant le 0.<\/p><p><strong>Vous avez oubli\u00e9 quelque chose ?<br \/><\/strong>Composez le 0<br \/>Contactez la r\u00e9ception, le personnel vous fournira une brosse \u00e0 dents, dentifrice, cr\u00e8me \u00e0 raser, un rasoir ou un peigne gratuitement.<\/p><p><strong>Personnel de la R\u00e9ception<\/strong> <br \/>Composez le 0<br \/>Si vous avez des questions ou demandes particuli\u00e8res, nous sommes l\u00e0 pour vous aider.<\/p><p><strong>R\u00e9ception<\/strong> <br \/>Composez le 0<\/p><p><strong>Service d\u2019entretien m\u00e9nager<\/strong> <br \/>Composez le 0<br \/>Si vous avez des demandes sp\u00e9ciales, notre personnel se fera un plaisir de vous aider et ce, en tout temps.<\/p><p><strong>Distributrices de gla\u00e7ons<br \/><\/strong>Les machines \u00e0 glace sont situ\u00e9es aux \u00e9tages 3, 5 et 6.<\/p><p><strong>Service aux chambres<br \/><\/strong>Composez le 72<br \/>Le service aux chambres est disponible de 7h00 \u00e0 10h00 du lundi au vendredi, de 7h30 \u00e0 10h30 les samedis et dimanches et tous les jours de 16 h 30 \u00e0 22 h 00.<\/p><p><strong>Acc\u00e8s Internet<\/strong> <br \/>Composez le 0<br \/>Une connexion Internet sans fil est disponible dans votre chambre. L\u2019acc\u00e8s gratuit \u00e0 Internet sans fil est disponible aussi au rez-de-chauss\u00e9e et les espaces publics. Si vous avez des difficult\u00e9s de connexion, merci de contacter le personnel de la r\u00e9ception.<\/p><p><strong>Fer et planche \u00e0 repasser<br \/><\/strong>Situ\u00e9s dans votre garde-robe de chambre.<\/p><p><strong>Objets Perdus \u2013 Retrouv\u00e9s<\/strong> <br \/>Composez le 110<br \/>Merci de contacter le service d\u2019entretien m\u00e9nager afin de d\u00e9clarer tous les objets perdus ou trouv\u00e9s.<\/p><p><strong>Directeur en Devoir<br \/><\/strong>Composez le 0<\/p><p><strong>Petit march\u00e9<\/strong> <br \/>Composez le 0<br \/>Pour votre commodit\u00e9, nous avons un petit march\u00e9 ouvert 24 heures, situ\u00e9 \u00e0 proximit\u00e9 de la r\u00e9ception.<\/p><p><strong>Les messages et la messagerie vocale<br \/><\/strong>Composez le 0<br \/>Les messages sont indiqu\u00e9s par un clignotant sur le t\u00e9l\u00e9phone. Appuyez le bouton de la messagerie et suivez les instructions pour configurer votre message d\u2019accueil ou pour \u00e9couter vos messages.<\/p><p><strong>Journaux<br \/><\/strong>Les journaux sont disponibles \u00e0 la r\u00e9ception et au restaurant.<br \/>(selon la disponibilit\u00e9)<\/p><p><strong>\u00c9tages non-fumeurs<br \/><\/strong>Pour votre confort, notre h\u00f4tel est un h\u00f4tel non-fumeur. Si vous fumez dans votre chambre, une amende de 250$ plus les taxes applicables sera port\u00e9e \u00e0 votre facture d\u2019h\u00f4tel.<\/p><p><strong>Politique d\u2019animaux de compagnie<br \/><\/strong>Par respect pour autrui, les animaux ne sont pas admis dans l\u2019h\u00f4tel, \u00e0 l\u2019exception des animaux de service. La violation de cette politique occasionnera une amende de 100$ plus les taxes applicables.<\/p><p><strong>Option Oreiller<\/strong> <br \/>Composez le 0<br \/>Votre lit a \u00e9t\u00e9 pr\u00e9par\u00e9 avec deux oreillers synth\u00e9tiques \u00e0 la fois doux et fermes. Cependant d\u2019autres types d\u2019oreillers sont \u00e9galement disponibles. Pour conna\u00eetre notre s\u00e9lection d\u2019oreillers, ou s\u2019il y a autre chose que nous pouvons faire pour rendre votre s\u00e9jour plus confortable, communiquez avec la r\u00e9ception.<\/p><p><strong>Frais de timbres et livraison<\/strong> <br \/>Composez le 0<br \/>Pour obtenir de l\u2019aide, communiquez avec la r\u00e9ception.<\/p><p><strong>Ne pas d\u00e9ranger<br \/><\/strong>Composez le 0<br \/>Si vous d\u00e9sirez que nous ne fassions pas votre chambre, veuillez placer la carte \u00ab Ne pas d\u00e9ranger \u00bb sur votre poign\u00e9e de porte et nous respecterons votre intimit\u00e9. Si toutefois vous avez besoin de serviettes ou tout autre article, veuillez vous adresser \u00e0 la r\u00e9ception en composant le 0.<\/p><p><strong>D\u00e9part rapide<\/strong> <br \/>Composez le 0<br \/>Un d\u00e9part rapide est disponible pour tous les clients souhaitant r\u00e9gler leur compte avec une carte de cr\u00e9dit. Veuillez contacter la r\u00e9ception pour conna\u00eetre les modalit\u00e9s.<\/p><p><strong>R\u00e9frig\u00e9rateurs \/ Micro-ondes<br \/><\/strong>Des r\u00e9frig\u00e9rateurs et des micro-ondes sont disponibles sont disponibles premier arriv\u00e9, premier servi. ($) veuillez vous adresser \u00e0 la r\u00e9ception en composant le 0.<\/p><p><strong>R\u00e9servations<\/strong> <br \/>Composez le 0<br \/>Pour vos r\u00e9servations futures dans notre h\u00f4tel, veuillez communiquer avec la r\u00e9ception ou composez le 1-800-263-0159 ou envoyez un courriel \u00e0 reservation@hilong.ca<\/p><p><strong>Piscine<br \/><\/strong>La piscine est situ\u00e9e pr\u00e8s du bar, au rez-de-chauss\u00e9e de l\u2019h\u00f4tel. Les heures d\u2019ouverture peuvent varier. S.V.P communiquer avec la r\u00e9ception en composant le 0.<\/p><p><strong>Service de Taxi<\/strong> <br \/>450-679-6262 ou 0<br \/>Le personnel de la r\u00e9ception sera heureux d\u2019organiser un service de taxi.<\/p><p><strong>Train<br \/><\/strong>VIA R ail 514-989-2626<\/p><p><strong>Transport<\/strong> <br \/>Composez le 0<br \/>Besoin d\u2019aide pour vous d\u00e9placer en ville ? Veuillez contacter la r\u00e9ception pour de l\u2019information sur les options de transport.<br \/><strong>Les voyageurs \u00e0 mobilit\u00e9 r\u00e9duite<\/strong> <br \/>Composez le 0<br \/>Cet h\u00f4tel, ainsi que tous les h\u00f4tels InterContinental de notre organisation, se sont engag\u00e9s \u00e0 fournir des installations accessibles aux voyageurs \u00e0 mobilit\u00e9 r\u00e9duite. Si vous rencontrez des difficult\u00e9s lors de votre s\u00e9jour, veuillez communiquez avec le Directeur en devoir en composant le 0.<\/p><p><strong>R\u00e9veil t\u00e9l\u00e9phonique<\/strong> <br \/>Composez le 0<br \/>Nous serons heureux de vous r\u00e9veiller pour que vous puissiez d\u00e9buter votre journ\u00e9e. Il suffit d\u2019appeler la r\u00e9ception et de sp\u00e9cifier l\u2019heure de votre r\u00e9veil.<\/p><p><strong>Laveuse et s\u00e9cheuse<br \/><\/strong>Disponibles au rez-de-chauss\u00e9e \u00e0 l\u2019int\u00e9rieur du centre de conditionnement physique, clients de l\u2019h\u00f4tel seulement. ($)<\/p>\t\t\t\t\t\t\t\t<\/div>\n\t\t\t\t<\/div>\n\t\t\t\t\t<\/div>\n\t\t<\/div>\n\t\t\t\t\t<\/div>\n\t\t<\/section>\n\t\t\t\t<\/div>\n\t\t","protected":false},"excerpt":{"rendered":"<p>\/*! elementor &#8211; v3.7.4 &#8211; 31-08-2022 *\/ .elementor-widget-image{text-align:center}.elementor-widget-image a{display:inline-block}.elementor-widget-image a img[src$=\u00a0\u00bb.svg\u00a0\u00bb]{width:48px}.elementor-widget-image img{vertical-align:middle;display:inline-block} Service ATMUn guichet automatique est situ\u00e9 dans le hall de l\u2019H\u00f4tel, pr\u00e8s de la r\u00e9ception. A\u00e9roportA\u00e9roport Pierre-Elliot-Trudeau514-394-7377A\u00e9roport Saint-Hubert Longueuil450-678-6030 Location d\u2019Automobiles Composez le 0Notre personnel de la r\u00e9ception sera heureux de vous aider pour les formalit\u00e9s de location de voitures ou le service [&hellip;]<\/p>\n","protected":false},"author":22,"featured_media":0,"parent":0,"menu_order":0,"comment_status":"closed","ping_status":"closed","template":"","meta":{"_mi_skip_tracking":false,"site-sidebar-layout":"no-sidebar","site-content-layout":"page-builder","ast-site-content-layout":"default","site-content-style":"default","site-sidebar-style":"default","ast-global-header-display":"","ast-banner-title-visibility":"","ast-main-header-display":"","ast-hfb-above-header-display":"","ast-hfb-below-header-display":"","ast-hfb-mobile-header-display":"","site-post-title":"disabled","ast-breadcrumbs-content":"","ast-featured-img":"disabled","footer-sml-layout":"","ast-disable-related-posts":"","theme-transparent-header-meta":"default","adv-header-id-meta":"","stick-header-meta":"","header-above-stick-meta":"","header-main-stick-meta":"","header-below-stick-meta":"","astra-migrate-meta-layouts":"default","ast-page-background-enabled":"default","ast-page-background-meta":{"desktop":{"background-color":"var(--ast-global-color-4)","background-image":"","background-repeat":"repeat","background-position":"center center","background-size":"auto","background-attachment":"scroll","background-type":"","background-media":"","overlay-type":"","overlay-color":"","overlay-opacity":"","overlay-gradient":""},"tablet":{"background-color":"","background-image":"","background-repeat":"repeat","background-position":"center center","background-size":"auto","background-attachment":"scroll","background-type":"","background-media":"","overlay-type":"","overlay-color":"","overlay-opacity":"","overlay-gradient":""},"mobile":{"background-color":"","background-image":"","background-repeat":"repeat","background-position":"center center","background-size":"auto","background-attachment":"scroll","background-type":"","background-media":"","overlay-type":"","overlay-color":"","overlay-opacity":"","overlay-gradient":""}},"ast-content-background-meta":{"desktop":{"background-color":"var(--ast-global-color-5)","background-image":"","background-repeat":"repeat","background-position":"center center","background-size":"auto","background-attachment":"scroll","background-type":"","background-media":"","overlay-type":"","overlay-color":"","overlay-opacity":"","overlay-gradient":""},"tablet":{"background-color":"var(--ast-global-color-5)","background-image":"","background-repeat":"repeat","background-position":"center center","background-size":"auto","background-attachment":"scroll","background-type":"","background-media":"","overlay-type":"","overlay-color":"","overlay-opacity":"","overlay-gradient":""},"mobile":{"background-color":"var(--ast-global-color-5)","background-image":"","background-repeat":"repeat","background-position":"center center","background-size":"auto","background-attachment":"scroll","background-type":"","background-media":"","overlay-type":"","overlay-color":"","overlay-opacity":"","overlay-gradient":""}},"footnotes":""},"class_list":["post-2571","page","type-page","status-publish","hentry"],"_links":{"self":[{"href":"https:\/\/holidayinnlongueuil.gmtpdigital.ca\/fr\/wp-json\/wp\/v2\/pages\/2571","targetHints":{"allow":["GET"]}}],"collection":[{"href":"https:\/\/holidayinnlongueuil.gmtpdigital.ca\/fr\/wp-json\/wp\/v2\/pages"}],"about":[{"href":"https:\/\/holidayinnlongueuil.gmtpdigital.ca\/fr\/wp-json\/wp\/v2\/types\/page"}],"author":[{"embeddable":true,"href":"https:\/\/holidayinnlongueuil.gmtpdigital.ca\/fr\/wp-json\/wp\/v2\/users\/22"}],"replies":[{"embeddable":true,"href":"https:\/\/holidayinnlongueuil.gmtpdigital.ca\/fr\/wp-json\/wp\/v2\/comments?post=2571"}],"version-history":[{"count":17,"href":"https:\/\/holidayinnlongueuil.gmtpdigital.ca\/fr\/wp-json\/wp\/v2\/pages\/2571\/revisions"}],"predecessor-version":[{"id":4323,"href":"https:\/\/holidayinnlongueuil.gmtpdigital.ca\/fr\/wp-json\/wp\/v2\/pages\/2571\/revisions\/4323"}],"wp:attachment":[{"href":"https:\/\/holidayinnlongueuil.gmtpdigital.ca\/fr\/wp-json\/wp\/v2\/media?parent=2571"}],"curies":[{"name":"wp","href":"https:\/\/api.w.org\/{rel}","templated":true}]}}