{"id":2537,"date":"2022-10-05T21:39:44","date_gmt":"2022-10-05T21:39:44","guid":{"rendered":"https:\/\/holidayinnlongueuil.gmtpdigital.ca\/?page_id=2537"},"modified":"2023-03-28T15:20:30","modified_gmt":"2023-03-28T15:20:30","slug":"numeros-importants","status":"publish","type":"page","link":"https:\/\/holidayinnlongueuil.gmtpdigital.ca\/fr\/numeros-importants\/","title":{"rendered":"Num\u00e9ros Importants"},"content":{"rendered":"\t\t<div data-elementor-type=\"wp-page\" data-elementor-id=\"2537\" class=\"elementor elementor-2537 elementor-2042\">\n\t\t\t\t\t\t<section class=\"elementor-section elementor-top-section elementor-element elementor-element-27af8ad elementor-section-boxed elementor-section-height-default elementor-section-height-default\" data-id=\"27af8ad\" data-element_type=\"section\" data-e-type=\"section\">\n\t\t\t\t\t\t<div class=\"elementor-container elementor-column-gap-default\">\n\t\t\t\t\t<div class=\"elementor-column elementor-col-100 elementor-top-column elementor-element elementor-element-5aabd81\" data-id=\"5aabd81\" data-element_type=\"column\" data-e-type=\"column\">\n\t\t\t<div class=\"elementor-widget-wrap elementor-element-populated\">\n\t\t\t\t\t\t<div class=\"elementor-element elementor-element-f7169e2 elementor-widget elementor-widget-text-editor\" data-id=\"f7169e2\" data-element_type=\"widget\" data-e-type=\"widget\" data-widget_type=\"text-editor.default\">\n\t\t\t\t<div class=\"elementor-widget-container\">\n\t\t\t\t\t\t\t\t\t<p><strong>Assistance T\u00e9l\u00e9phonique<\/strong><br \/>Holiday Inn Montr\u00e9al-Longueuil 450-646-8100<br \/>Pour les appels de chambre \u00e0 chambre, veuillez composer le 7 + le num\u00e9ro de chambre.<\/p><p><strong>Appels \u00e0 l\u2019ext\u00e9rieur<br \/><\/strong>Appels locaux ($) : Composez le 9 + Indicatif r\u00e9gional + num\u00e9ro.<br \/>Appels interurbains ($) : Composez le 8 +1 + Indicatif r\u00e9gional + num\u00e9ro.<br \/>Appels assist\u00e9s par un op\u00e9rateur ($) :<br \/>Composez le 9 + 0 + Indicatif r\u00e9gional + num\u00e9ro.<\/p><p><strong>Appels internationaux ($) :<\/strong><br \/>Composez le 8 + 011 + code du pays + code ville + num\u00e9ro.<\/p><p><strong>Information<br \/><\/strong>Appels locaux : Veuillez composer le 9 + 411.<br \/>Pour tous les autres indicatifs r\u00e9gionaux :<br \/>Veuillez composer le 9 + 1 + indicatif r\u00e9gional + 555.1212.<\/p><p><strong>Appels d\u2019urgence<br \/><\/strong>Police \/ Pompiers \/ Ambulance : Veuillez composer le 9 + 911<\/p><p><strong>Carte d\u2019appels ($)<br \/><\/strong>Composez le 8 +0 + Indicatif r\u00e9gional + num\u00e9ro.<\/p>\t\t\t\t\t\t\t\t<\/div>\n\t\t\t\t<\/div>\n\t\t\t\t\t<\/div>\n\t\t<\/div>\n\t\t\t\t\t<\/div>\n\t\t<\/section>\n\t\t\t\t<\/div>\n\t\t","protected":false},"excerpt":{"rendered":"<p>Assistance T\u00e9l\u00e9phoniqueHoliday Inn Montr\u00e9al-Longueuil 450-646-8100Pour les appels de chambre \u00e0 chambre, veuillez composer le 7 + le num\u00e9ro de chambre. Appels \u00e0 l\u2019ext\u00e9rieurAppels locaux ($) : Composez le 9 + Indicatif r\u00e9gional + num\u00e9ro.Appels interurbains ($) : Composez le 8 +1 + Indicatif r\u00e9gional + num\u00e9ro.Appels assist\u00e9s par un op\u00e9rateur ($) :Composez le 9 + [&hellip;]<\/p>\n","protected":false},"author":22,"featured_media":0,"parent":0,"menu_order":0,"comment_status":"closed","ping_status":"closed","template":"","meta":{"_mi_skip_tracking":false,"site-sidebar-layout":"no-sidebar","site-content-layout":"page-builder","ast-site-content-layout":"default","site-content-style":"default","site-sidebar-style":"default","ast-global-header-display":"","ast-banner-title-visibility":"","ast-main-header-display":"","ast-hfb-above-header-display":"","ast-hfb-below-header-display":"","ast-hfb-mobile-header-display":"","site-post-title":"disabled","ast-breadcrumbs-content":"","ast-featured-img":"disabled","footer-sml-layout":"","ast-disable-related-posts":"","theme-transparent-header-meta":"default","adv-header-id-meta":"","stick-header-meta":"","header-above-stick-meta":"","header-main-stick-meta":"","header-below-stick-meta":"","astra-migrate-meta-layouts":"default","ast-page-background-enabled":"default","ast-page-background-meta":{"desktop":{"background-color":"var(--ast-global-color-4)","background-image":"","background-repeat":"repeat","background-position":"center center","background-size":"auto","background-attachment":"scroll","background-type":"","background-media":"","overlay-type":"","overlay-color":"","overlay-opacity":"","overlay-gradient":""},"tablet":{"background-color":"","background-image":"","background-repeat":"repeat","background-position":"center center","background-size":"auto","background-attachment":"scroll","background-type":"","background-media":"","overlay-type":"","overlay-color":"","overlay-opacity":"","overlay-gradient":""},"mobile":{"background-color":"","background-image":"","background-repeat":"repeat","background-position":"center center","background-size":"auto","background-attachment":"scroll","background-type":"","background-media":"","overlay-type":"","overlay-color":"","overlay-opacity":"","overlay-gradient":""}},"ast-content-background-meta":{"desktop":{"background-color":"var(--ast-global-color-5)","background-image":"","background-repeat":"repeat","background-position":"center center","background-size":"auto","background-attachment":"scroll","background-type":"","background-media":"","overlay-type":"","overlay-color":"","overlay-opacity":"","overlay-gradient":""},"tablet":{"background-color":"var(--ast-global-color-5)","background-image":"","background-repeat":"repeat","background-position":"center center","background-size":"auto","background-attachment":"scroll","background-type":"","background-media":"","overlay-type":"","overlay-color":"","overlay-opacity":"","overlay-gradient":""},"mobile":{"background-color":"var(--ast-global-color-5)","background-image":"","background-repeat":"repeat","background-position":"center center","background-size":"auto","background-attachment":"scroll","background-type":"","background-media":"","overlay-type":"","overlay-color":"","overlay-opacity":"","overlay-gradient":""}},"footnotes":""},"class_list":["post-2537","page","type-page","status-publish","hentry"],"_links":{"self":[{"href":"https:\/\/holidayinnlongueuil.gmtpdigital.ca\/fr\/wp-json\/wp\/v2\/pages\/2537","targetHints":{"allow":["GET"]}}],"collection":[{"href":"https:\/\/holidayinnlongueuil.gmtpdigital.ca\/fr\/wp-json\/wp\/v2\/pages"}],"about":[{"href":"https:\/\/holidayinnlongueuil.gmtpdigital.ca\/fr\/wp-json\/wp\/v2\/types\/page"}],"author":[{"embeddable":true,"href":"https:\/\/holidayinnlongueuil.gmtpdigital.ca\/fr\/wp-json\/wp\/v2\/users\/22"}],"replies":[{"embeddable":true,"href":"https:\/\/holidayinnlongueuil.gmtpdigital.ca\/fr\/wp-json\/wp\/v2\/comments?post=2537"}],"version-history":[{"count":9,"href":"https:\/\/holidayinnlongueuil.gmtpdigital.ca\/fr\/wp-json\/wp\/v2\/pages\/2537\/revisions"}],"predecessor-version":[{"id":4335,"href":"https:\/\/holidayinnlongueuil.gmtpdigital.ca\/fr\/wp-json\/wp\/v2\/pages\/2537\/revisions\/4335"}],"wp:attachment":[{"href":"https:\/\/holidayinnlongueuil.gmtpdigital.ca\/fr\/wp-json\/wp\/v2\/media?parent=2537"}],"curies":[{"name":"wp","href":"https:\/\/api.w.org\/{rel}","templated":true}]}}