{"id":2390,"date":"2017-07-27T06:25:42","date_gmt":"2017-07-27T06:25:42","guid":{"rendered":"https:\/\/holidayinnlongueuil.gmtpdigital.ca\/accueil\/"},"modified":"2024-03-21T16:32:12","modified_gmt":"2024-03-21T16:32:12","slug":"home","status":"publish","type":"page","link":"https:\/\/holidayinnlongueuil.gmtpdigital.ca\/fr\/","title":{"rendered":"Home"},"content":{"rendered":"\t\t<div data-elementor-type=\"wp-page\" data-elementor-id=\"2390\" class=\"elementor elementor-2390 elementor-2\">\n\t\t\t\t\t\t<section class=\"elementor-section elementor-top-section elementor-element elementor-element-249ae8af elementor-section-height-min-height elementor-section-boxed elementor-section-height-default elementor-section-items-middle\" data-id=\"249ae8af\" data-element_type=\"section\" data-e-type=\"section\" data-settings=\"{&quot;background_background&quot;:&quot;slideshow&quot;,&quot;background_slideshow_slide_duration&quot;:&quot;3000&quot;,&quot;background_slideshow_ken_burns&quot;:&quot;yes&quot;,&quot;background_slideshow_gallery&quot;:[{&quot;id&quot;:&quot;4188&quot;,&quot;url&quot;:&quot;http:\\\/\\\/holidayinnlongueuil.gmtpdigital.ca\\\/wp-content\\\/uploads\\\/sites\\\/377\\\/2023\\\/03\\\/HIL_Photo_01-2.jpeg&quot;},{&quot;id&quot;:&quot;4170&quot;,&quot;url&quot;:&quot;http:\\\/\\\/holidayinnlongueuil.gmtpdigital.ca\\\/wp-content\\\/uploads\\\/sites\\\/377\\\/2023\\\/03\\\/HIL_Photo_03-1-2.jpeg&quot;},{&quot;id&quot;:&quot;4174&quot;,&quot;url&quot;:&quot;http:\\\/\\\/holidayinnlongueuil.gmtpdigital.ca\\\/wp-content\\\/uploads\\\/sites\\\/377\\\/2023\\\/03\\\/HIL_Photo_04-3.jpeg&quot;}],&quot;background_slideshow_loop&quot;:&quot;yes&quot;,&quot;background_slideshow_slide_transition&quot;:&quot;fade&quot;,&quot;background_slideshow_transition_duration&quot;:500,&quot;background_slideshow_ken_burns_zoom_direction&quot;:&quot;in&quot;}\">\n\t\t\t\t\t\t\t<div class=\"elementor-background-overlay\"><\/div>\n\t\t\t\t\t\t\t<div class=\"elementor-container elementor-column-gap-no\">\n\t\t\t\t\t<div class=\"elementor-column elementor-col-100 elementor-top-column elementor-element elementor-element-6e410a7\" data-id=\"6e410a7\" data-element_type=\"column\" data-e-type=\"column\">\n\t\t\t<div class=\"elementor-widget-wrap elementor-element-populated\">\n\t\t\t\t\t\t<div class=\"elementor-element elementor-element-2075eb20 elementor-widget elementor-widget-heading\" data-id=\"2075eb20\" data-element_type=\"widget\" data-e-type=\"widget\" data-widget_type=\"heading.default\">\n\t\t\t\t<div class=\"elementor-widget-container\">\n\t\t\t\t\t<h1 class=\"elementor-heading-title elementor-size-default\">HOLIDAY INN<\/h1>\t\t\t\t<\/div>\n\t\t\t\t<\/div>\n\t\t\t\t<div class=\"elementor-element elementor-element-1a5c156b elementor-widget elementor-widget-heading\" data-id=\"1a5c156b\" data-element_type=\"widget\" data-e-type=\"widget\" data-widget_type=\"heading.default\">\n\t\t\t\t<div class=\"elementor-widget-container\">\n\t\t\t\t\t<h5 class=\"elementor-heading-title elementor-size-default\">MONTR\u00c9AL - LONGUEUIL<\/h5>\t\t\t\t<\/div>\n\t\t\t\t<\/div>\n\t\t\t\t\t<\/div>\n\t\t<\/div>\n\t\t\t\t\t<\/div>\n\t\t<\/section>\n\t\t\t\t<section class=\"elementor-section elementor-top-section elementor-element elementor-element-29418d5 elementor-section-content-middle elementor-section-boxed elementor-section-height-default elementor-section-height-default\" data-id=\"29418d5\" data-element_type=\"section\" data-e-type=\"section\">\n\t\t\t\t\t\t<div class=\"elementor-container elementor-column-gap-default\">\n\t\t\t\t\t<div class=\"elementor-column elementor-col-50 elementor-top-column elementor-element elementor-element-928f200\" data-id=\"928f200\" data-element_type=\"column\" data-e-type=\"column\">\n\t\t\t<div class=\"elementor-widget-wrap elementor-element-populated\">\n\t\t\t\t\t\t<div class=\"elementor-element elementor-element-e2669d1 custom-font elementor-widget elementor-widget-text-editor\" data-id=\"e2669d1\" data-element_type=\"widget\" data-e-type=\"widget\" data-widget_type=\"text-editor.default\">\n\t\t\t\t<div class=\"elementor-widget-container\">\n\t\t\t\t\t\t\t\t\t<p><strong>900 Rue Saint-Charles Est<br \/><\/strong>Longueuil, QC<br \/>J4H 3Y2<\/p>\t\t\t\t\t\t\t\t<\/div>\n\t\t\t\t<\/div>\n\t\t\t\t\t<\/div>\n\t\t<\/div>\n\t\t\t\t<div class=\"elementor-column elementor-col-50 elementor-top-column elementor-element elementor-element-727fbc0\" data-id=\"727fbc0\" data-element_type=\"column\" data-e-type=\"column\">\n\t\t\t<div class=\"elementor-widget-wrap elementor-element-populated\">\n\t\t\t\t\t\t<div class=\"elementor-element elementor-element-fd5ad42 elementor-view-default elementor-widget elementor-widget-icon\" data-id=\"fd5ad42\" data-element_type=\"widget\" data-e-type=\"widget\" data-widget_type=\"icon.default\">\n\t\t\t\t<div class=\"elementor-widget-container\">\n\t\t\t\t\t\t\t<div class=\"elementor-icon-wrapper\">\n\t\t\t<a class=\"elementor-icon\" href=\"https:\/\/www.google.com\/maps\/place\/Holiday+Inn+Montreal-Longueuil,+an+IHG+Hotel\/@45.5512747,-73.5003883,17z\/data=!4m18!1m8!3m7!1s0x4cc91c9860550459:0xbc5ebe9bee22b78!2s900+Rue+Saint-Charles+E,+Longueuil,+QC+J4H+3Y2!3b1!8m2!3d45.551271!4d-73.4981996!16s%2Fg%2F11bw3zb_43!3m8!1s0x882b923ae5fabf9f:0x9d91edf1b03cff1!5m2!4m1!1i2!8m2!3d45.551298!4d-73.498192!16s%2Fg%2F11cltp9v50?authuser=0\" target=\"_blank\">\n\t\t\t<i aria-hidden=\"true\" class=\"fas fa-map-marker-alt\"><\/i>\t\t\t<\/a>\n\t\t<\/div>\n\t\t\t\t\t\t<\/div>\n\t\t\t\t<\/div>\n\t\t\t\t\t<\/div>\n\t\t<\/div>\n\t\t\t\t\t<\/div>\n\t\t<\/section>\n\t\t\t\t<section class=\"elementor-section elementor-top-section elementor-element elementor-element-ea270d9 elementor-section-content-top elementor-section-height-min-height elementor-section-items-top elementor-section-boxed elementor-section-height-default\" data-id=\"ea270d9\" data-element_type=\"section\" data-e-type=\"section\">\n\t\t\t\t\t\t<div class=\"elementor-container elementor-column-gap-wider\">\n\t\t\t\t\t<div class=\"elementor-column elementor-col-100 elementor-top-column elementor-element elementor-element-65aaf56\" data-id=\"65aaf56\" data-element_type=\"column\" data-e-type=\"column\" data-settings=\"{&quot;animation_mobile&quot;:&quot;none&quot;}\">\n\t\t\t<div class=\"elementor-widget-wrap elementor-element-populated\">\n\t\t\t\t\t\t<div class=\"elementor-element elementor-element-6fe6d3c elementor-absolute category-title-hp custom-font elementor-widget elementor-widget-heading\" data-id=\"6fe6d3c\" data-element_type=\"widget\" data-e-type=\"widget\" data-settings=\"{&quot;_position&quot;:&quot;absolute&quot;}\" data-widget_type=\"heading.default\">\n\t\t\t\t<div class=\"elementor-widget-container\">\n\t\t\t\t\t<h2 class=\"elementor-heading-title elementor-size-medium\"><a href=\"\/fr\/autour-de-la-ville\/\">RECOMMENDATIONS<br>\n<span class=\"recfs\">RESTAURANTS, MAGASINAGE, QUOI FAIRE ET SERVICES<\/span>\n\n<\/a><\/h2>\t\t\t\t<\/div>\n\t\t\t\t<\/div>\n\t\t\t\t<div class=\"elementor-element elementor-element-7d3966e elementor-widget elementor-widget-image\" data-id=\"7d3966e\" data-element_type=\"widget\" data-e-type=\"widget\" data-widget_type=\"image.default\">\n\t\t\t\t<div class=\"elementor-widget-container\">\n\t\t\t\t\t\t\t\t\t\t\t\t\t\t\t\t<a href=\"\/fr\/autour-de-la-ville\/\">\n\t\t\t\t\t\t\t<img fetchpriority=\"high\" decoding=\"async\" width=\"1200\" height=\"400\" src=\"https:\/\/holidayinnlongueuil.gmtpdigital.ca\/wp-content\/uploads\/sites\/377\/2022\/12\/Recommendations.jpg\" class=\"elementor-animation-wobble-horizontal attachment-full size-full wp-image-3239\" alt=\"\" srcset=\"https:\/\/holidayinnlongueuil.gmtpdigital.ca\/wp-content\/uploads\/sites\/377\/2022\/12\/Recommendations.jpg 1200w, https:\/\/holidayinnlongueuil.gmtpdigital.ca\/wp-content\/uploads\/sites\/377\/2022\/12\/Recommendations-300x100.jpg 300w, https:\/\/holidayinnlongueuil.gmtpdigital.ca\/wp-content\/uploads\/sites\/377\/2022\/12\/Recommendations-1024x341.jpg 1024w, https:\/\/holidayinnlongueuil.gmtpdigital.ca\/wp-content\/uploads\/sites\/377\/2022\/12\/Recommendations-768x256.jpg 768w\" sizes=\"(max-width: 1200px) 100vw, 1200px\" \/>\t\t\t\t\t\t\t\t<\/a>\n\t\t\t\t\t\t\t\t\t\t\t\t\t\t\t<\/div>\n\t\t\t\t<\/div>\n\t\t\t\t\t<\/div>\n\t\t<\/div>\n\t\t\t\t\t<\/div>\n\t\t<\/section>\n\t\t\t\t<section class=\"elementor-section elementor-top-section elementor-element elementor-element-0ff7c53 elementor-section-content-top elementor-section-height-min-height elementor-section-items-top elementor-section-boxed elementor-section-height-default\" data-id=\"0ff7c53\" data-element_type=\"section\" data-e-type=\"section\">\n\t\t\t\t\t\t<div class=\"elementor-container elementor-column-gap-wider\">\n\t\t\t\t\t<div class=\"elementor-column elementor-col-100 elementor-top-column elementor-element elementor-element-7a97597\" data-id=\"7a97597\" data-element_type=\"column\" data-e-type=\"column\" data-settings=\"{&quot;animation_mobile&quot;:&quot;none&quot;}\">\n\t\t\t<div class=\"elementor-widget-wrap elementor-element-populated\">\n\t\t\t\t\t\t<div class=\"elementor-element elementor-element-a89e7bb elementor-absolute category-title-hp custom-font elementor-widget elementor-widget-heading\" data-id=\"a89e7bb\" data-element_type=\"widget\" data-e-type=\"widget\" data-settings=\"{&quot;_position&quot;:&quot;absolute&quot;}\" data-widget_type=\"heading.default\">\n\t\t\t\t<div class=\"elementor-widget-container\">\n\t\t\t\t\t<h2 class=\"elementor-heading-title elementor-size-medium\"><a href=\"\/fr\/votre-sejour\/\">VOTRE S\u00c9JOUR<\/a><\/h2>\t\t\t\t<\/div>\n\t\t\t\t<\/div>\n\t\t\t\t<div class=\"elementor-element elementor-element-bf2988d elementor-widget elementor-widget-image\" data-id=\"bf2988d\" data-element_type=\"widget\" data-e-type=\"widget\" data-widget_type=\"image.default\">\n\t\t\t\t<div class=\"elementor-widget-container\">\n\t\t\t\t\t\t\t\t\t\t\t\t\t\t\t\t<a href=\"\/fr\/votre-sejour\/\">\n\t\t\t\t\t\t\t<img decoding=\"async\" width=\"1200\" height=\"400\" src=\"https:\/\/holidayinnlongueuil.gmtpdigital.ca\/wp-content\/uploads\/sites\/377\/2022\/12\/Your_Stay_Rect-1.jpg\" class=\"elementor-animation-wobble-horizontal attachment-full size-full wp-image-3456\" alt=\"\" srcset=\"https:\/\/holidayinnlongueuil.gmtpdigital.ca\/wp-content\/uploads\/sites\/377\/2022\/12\/Your_Stay_Rect-1.jpg 1200w, https:\/\/holidayinnlongueuil.gmtpdigital.ca\/wp-content\/uploads\/sites\/377\/2022\/12\/Your_Stay_Rect-1-300x100.jpg 300w, https:\/\/holidayinnlongueuil.gmtpdigital.ca\/wp-content\/uploads\/sites\/377\/2022\/12\/Your_Stay_Rect-1-1024x341.jpg 1024w, https:\/\/holidayinnlongueuil.gmtpdigital.ca\/wp-content\/uploads\/sites\/377\/2022\/12\/Your_Stay_Rect-1-768x256.jpg 768w\" sizes=\"(max-width: 1200px) 100vw, 1200px\" \/>\t\t\t\t\t\t\t\t<\/a>\n\t\t\t\t\t\t\t\t\t\t\t\t\t\t\t<\/div>\n\t\t\t\t<\/div>\n\t\t\t\t\t<\/div>\n\t\t<\/div>\n\t\t\t\t\t<\/div>\n\t\t<\/section>\n\t\t\t\t<section class=\"elementor-section elementor-top-section elementor-element elementor-element-3dd365f elementor-section-height-min-height elementor-section-items-top elementor-section-content-top elementor-section-boxed elementor-section-height-default\" data-id=\"3dd365f\" data-element_type=\"section\" data-e-type=\"section\">\n\t\t\t\t\t\t<div class=\"elementor-container elementor-column-gap-wider\">\n\t\t\t\t\t<div class=\"elementor-column elementor-col-50 elementor-top-column elementor-element elementor-element-44d33f2\" data-id=\"44d33f2\" data-element_type=\"column\" data-e-type=\"column\" data-settings=\"{&quot;animation_mobile&quot;:&quot;none&quot;}\">\n\t\t\t<div class=\"elementor-widget-wrap elementor-element-populated\">\n\t\t\t\t\t\t<div class=\"elementor-element elementor-element-7a77e74 elementor-absolute category-title-hp custom-font custom-font elementor-widget elementor-widget-heading\" data-id=\"7a77e74\" data-element_type=\"widget\" data-e-type=\"widget\" data-settings=\"{&quot;_position&quot;:&quot;absolute&quot;}\" data-widget_type=\"heading.default\">\n\t\t\t\t<div class=\"elementor-widget-container\">\n\t\t\t\t\t<h2 class=\"elementor-heading-title elementor-size-medium\"><a href=\"https:\/\/www.ihg.com\/holidayinn\/hotels\/fr\/fr\/longueuil\/yulln\/hoteldetail\/amenities\">COMMODIT\u00c9S ET SERVICES<\/a><\/h2>\t\t\t\t<\/div>\n\t\t\t\t<\/div>\n\t\t\t\t<div class=\"elementor-element elementor-element-1dd8122 elementor-widget elementor-widget-image\" data-id=\"1dd8122\" data-element_type=\"widget\" data-e-type=\"widget\" data-widget_type=\"image.default\">\n\t\t\t\t<div class=\"elementor-widget-container\">\n\t\t\t\t\t\t\t\t\t\t\t\t\t\t\t\t<a href=\"https:\/\/www.ihg.com\/holidayinn\/hotels\/fr\/fr\/longueuil\/yulln\/hoteldetail\/amenities\">\n\t\t\t\t\t\t\t<img decoding=\"async\" width=\"670\" height=\"414\" src=\"https:\/\/holidayinnlongueuil.gmtpdigital.ca\/wp-content\/uploads\/sites\/377\/2023\/03\/HIL_Photo_16.jpeg\" class=\"elementor-animation-wobble-horizontal attachment-full size-full wp-image-4147\" alt=\"\" srcset=\"https:\/\/holidayinnlongueuil.gmtpdigital.ca\/wp-content\/uploads\/sites\/377\/2023\/03\/HIL_Photo_16.jpeg 670w, https:\/\/holidayinnlongueuil.gmtpdigital.ca\/wp-content\/uploads\/sites\/377\/2023\/03\/HIL_Photo_16-300x185.jpeg 300w\" sizes=\"(max-width: 670px) 100vw, 670px\" \/>\t\t\t\t\t\t\t\t<\/a>\n\t\t\t\t\t\t\t\t\t\t\t\t\t\t\t<\/div>\n\t\t\t\t<\/div>\n\t\t\t\t\t<\/div>\n\t\t<\/div>\n\t\t\t\t<div class=\"elementor-column elementor-col-50 elementor-top-column elementor-element elementor-element-53ddf3f\" data-id=\"53ddf3f\" data-element_type=\"column\" data-e-type=\"column\" data-settings=\"{&quot;animation_mobile&quot;:&quot;none&quot;}\">\n\t\t\t<div class=\"elementor-widget-wrap elementor-element-populated\">\n\t\t\t\t\t\t<div class=\"elementor-element elementor-element-dd12104 elementor-absolute category-title-hp custom-font elementor-widget elementor-widget-heading\" data-id=\"dd12104\" data-element_type=\"widget\" data-e-type=\"widget\" data-settings=\"{&quot;_position&quot;:&quot;absolute&quot;}\" data-widget_type=\"heading.default\">\n\t\t\t\t<div class=\"elementor-widget-container\">\n\t\t\t\t\t<h2 class=\"elementor-heading-title elementor-size-medium\"><a href=\"https:\/\/www.ihg.com\/holidayinn\/hotels\/fr\/fr\/longueuil\/yulln\/hoteldetail\/hotel-offers\">OFFRES ET ESCOMPTES<\/a><\/h2>\t\t\t\t<\/div>\n\t\t\t\t<\/div>\n\t\t\t\t<div class=\"elementor-element elementor-element-07ca4b1 elementor-widget elementor-widget-image\" data-id=\"07ca4b1\" data-element_type=\"widget\" data-e-type=\"widget\" data-widget_type=\"image.default\">\n\t\t\t\t<div class=\"elementor-widget-container\">\n\t\t\t\t\t\t\t\t\t\t\t\t\t\t\t\t<a href=\"https:\/\/www.ihg.com\/holidayinn\/hotels\/fr\/fr\/longueuil\/yulln\/hoteldetail\/hotel-offers\">\n\t\t\t\t\t\t\t<img loading=\"lazy\" decoding=\"async\" width=\"670\" height=\"414\" src=\"https:\/\/holidayinnlongueuil.gmtpdigital.ca\/wp-content\/uploads\/sites\/377\/2023\/03\/Promo__Discounts_670.jpg\" class=\"elementor-animation-wobble-horizontal attachment-full size-full wp-image-4243\" alt=\"\" srcset=\"https:\/\/holidayinnlongueuil.gmtpdigital.ca\/wp-content\/uploads\/sites\/377\/2023\/03\/Promo__Discounts_670.jpg 670w, https:\/\/holidayinnlongueuil.gmtpdigital.ca\/wp-content\/uploads\/sites\/377\/2023\/03\/Promo__Discounts_670-300x185.jpg 300w\" sizes=\"(max-width: 670px) 100vw, 670px\" \/>\t\t\t\t\t\t\t\t<\/a>\n\t\t\t\t\t\t\t\t\t\t\t\t\t\t\t<\/div>\n\t\t\t\t<\/div>\n\t\t\t\t\t<\/div>\n\t\t<\/div>\n\t\t\t\t\t<\/div>\n\t\t<\/section>\n\t\t\t\t<section class=\"elementor-section elementor-top-section elementor-element elementor-element-c079c8c elementor-section-content-top elementor-section-height-min-height elementor-section-items-top hoteltipcont elementor-section-boxed elementor-section-height-default\" data-id=\"c079c8c\" data-element_type=\"section\" data-e-type=\"section\">\n\t\t\t\t\t\t<div class=\"elementor-container elementor-column-gap-wider\">\n\t\t\t\t\t<div class=\"elementor-column elementor-col-100 elementor-top-column elementor-element elementor-element-3e1369a\" data-id=\"3e1369a\" data-element_type=\"column\" data-e-type=\"column\" data-settings=\"{&quot;animation_mobile&quot;:&quot;none&quot;}\">\n\t\t\t<div class=\"elementor-widget-wrap elementor-element-populated\">\n\t\t\t\t\t\t<div class=\"elementor-element elementor-element-9437b62 elementor-absolute category-title-hp custom-font elementor-widget elementor-widget-heading\" data-id=\"9437b62\" data-element_type=\"widget\" data-e-type=\"widget\" data-settings=\"{&quot;_position&quot;:&quot;absolute&quot;}\" data-widget_type=\"heading.default\">\n\t\t\t\t<div class=\"elementor-widget-container\">\n\t\t\t\t\t<h2 class=\"elementor-heading-title elementor-size-medium\"><a href=\"\/fr\/pourboire-dhotel\/\">POURBOIRE DE L'H\u00d4TEL<\/a><\/h2>\t\t\t\t<\/div>\n\t\t\t\t<\/div>\n\t\t\t\t<div class=\"elementor-element elementor-element-72af4a4 elementor-widget elementor-widget-image\" data-id=\"72af4a4\" data-element_type=\"widget\" data-e-type=\"widget\" data-widget_type=\"image.default\">\n\t\t\t\t<div class=\"elementor-widget-container\">\n\t\t\t\t\t\t\t\t\t\t\t\t\t\t\t\t<a href=\"\/fr\/pourboire-dhotel\/\">\n\t\t\t\t\t\t\t<img loading=\"lazy\" decoding=\"async\" width=\"1200\" height=\"400\" src=\"https:\/\/holidayinnlongueuil.gmtpdigital.ca\/wp-content\/uploads\/sites\/377\/2023\/01\/HotelTip_Header.jpg\" class=\"elementor-animation-wobble-horizontal attachment-full size-full wp-image-3884\" alt=\"\" srcset=\"https:\/\/holidayinnlongueuil.gmtpdigital.ca\/wp-content\/uploads\/sites\/377\/2023\/01\/HotelTip_Header.jpg 1200w, https:\/\/holidayinnlongueuil.gmtpdigital.ca\/wp-content\/uploads\/sites\/377\/2023\/01\/HotelTip_Header-300x100.jpg 300w, https:\/\/holidayinnlongueuil.gmtpdigital.ca\/wp-content\/uploads\/sites\/377\/2023\/01\/HotelTip_Header-1024x341.jpg 1024w, https:\/\/holidayinnlongueuil.gmtpdigital.ca\/wp-content\/uploads\/sites\/377\/2023\/01\/HotelTip_Header-768x256.jpg 768w\" sizes=\"(max-width: 1200px) 100vw, 1200px\" \/>\t\t\t\t\t\t\t\t<\/a>\n\t\t\t\t\t\t\t\t\t\t\t\t\t\t\t<\/div>\n\t\t\t\t<\/div>\n\t\t\t\t\t<\/div>\n\t\t<\/div>\n\t\t\t\t\t<\/div>\n\t\t<\/section>\n\t\t\t\t<section class=\"elementor-section elementor-top-section elementor-element elementor-element-dba3aa1 elementor-section-boxed elementor-section-height-default elementor-section-height-default\" data-id=\"dba3aa1\" data-element_type=\"section\" data-e-type=\"section\">\n\t\t\t\t\t\t<div class=\"elementor-container elementor-column-gap-default\">\n\t\t\t\t\t<div class=\"elementor-column elementor-col-50 elementor-top-column elementor-element elementor-element-d6b0406\" data-id=\"d6b0406\" data-element_type=\"column\" data-e-type=\"column\" data-settings=\"{&quot;animation_mobile&quot;:&quot;none&quot;}\">\n\t\t\t<div class=\"elementor-widget-wrap elementor-element-populated\">\n\t\t\t\t\t\t\t<\/div>\n\t\t<\/div>\n\t\t\t\t<div class=\"elementor-column elementor-col-50 elementor-top-column elementor-element elementor-element-5aaab09\" data-id=\"5aaab09\" data-element_type=\"column\" data-e-type=\"column\" data-settings=\"{&quot;animation_mobile&quot;:&quot;none&quot;}\">\n\t\t\t<div class=\"elementor-widget-wrap elementor-element-populated\">\n\t\t\t\t\t\t\t<\/div>\n\t\t<\/div>\n\t\t\t\t\t<\/div>\n\t\t<\/section>\n\t\t\t\t<\/div>\n\t\t","protected":false},"excerpt":{"rendered":"<p>\/*! elementor &#8211; v3.7.4 &#8211; 31-08-2022 *\/ .elementor-heading-title{padding:0;margin:0;line-height:1}.elementor-widget-heading .elementor-heading-title[class*=elementor-size-]&gt;a{color:inherit;font-size:inherit;line-height:inherit}.elementor-widget-heading .elementor-heading-title.elementor-size-small{font-size:15px}.elementor-widget-heading .elementor-heading-title.elementor-size-medium{font-size:19px}.elementor-widget-heading .elementor-heading-title.elementor-size-large{font-size:29px}.elementor-widget-heading .elementor-heading-title.elementor-size-xl{font-size:39px}.elementor-widget-heading .elementor-heading-title.elementor-size-xxl{font-size:59px} HOLIDAY INN MONTR\u00c9AL &#8211; LONGUEUIL 900 Rue Saint-Charles EstLongueuil, QCJ4H 3Y2 RECOMMENDATIONS RESTAURANTS, MAGASINAGE, QUOI FAIRE ET SERVICES \/*! elementor &#8211; v3.7.4 &#8211; 31-08-2022 *\/ .elementor-widget-image{text-align:center}.elementor-widget-image a{display:inline-block}.elementor-widget-image a img[src$=\u00a0\u00bb.svg\u00a0\u00bb]{width:48px}.elementor-widget-image img{vertical-align:middle;display:inline-block} VOTRE S\u00c9JOUR COMMODIT\u00c9S ET SERVICES OFFRES ET ESCOMPTES POURBOIRE DE L&rsquo;H\u00d4TEL<\/p>\n","protected":false},"author":31,"featured_media":0,"parent":0,"menu_order":0,"comment_status":"closed","ping_status":"open","template":"","meta":{"_mi_skip_tracking":false,"site-sidebar-layout":"no-sidebar","site-content-layout":"page-builder","ast-site-content-layout":"default","site-content-style":"default","site-sidebar-style":"default","ast-global-header-display":"","ast-banner-title-visibility":"","ast-main-header-display":"disabled","ast-hfb-above-header-display":"","ast-hfb-below-header-display":"","ast-hfb-mobile-header-display":"","site-post-title":"disabled","ast-breadcrumbs-content":"","ast-featured-img":"disabled","footer-sml-layout":"","ast-disable-related-posts":"","theme-transparent-header-meta":"disabled","adv-header-id-meta":"","stick-header-meta":"","header-above-stick-meta":"","header-main-stick-meta":"","header-below-stick-meta":"","astra-migrate-meta-layouts":"default","ast-page-background-enabled":"default","ast-page-background-meta":{"desktop":{"background-color":"var(--ast-global-color-4)","background-image":"","background-repeat":"repeat","background-position":"center center","background-size":"auto","background-attachment":"scroll","background-type":"","background-media":"","overlay-type":"","overlay-color":"","overlay-opacity":"","overlay-gradient":""},"tablet":{"background-color":"","background-image":"","background-repeat":"repeat","background-position":"center center","background-size":"auto","background-attachment":"scroll","background-type":"","background-media":"","overlay-type":"","overlay-color":"","overlay-opacity":"","overlay-gradient":""},"mobile":{"background-color":"","background-image":"","background-repeat":"repeat","background-position":"center center","background-size":"auto","background-attachment":"scroll","background-type":"","background-media":"","overlay-type":"","overlay-color":"","overlay-opacity":"","overlay-gradient":""}},"ast-content-background-meta":{"desktop":{"background-color":"var(--ast-global-color-5)","background-image":"","background-repeat":"repeat","background-position":"center center","background-size":"auto","background-attachment":"scroll","background-type":"","background-media":"","overlay-type":"","overlay-color":"","overlay-opacity":"","overlay-gradient":""},"tablet":{"background-color":"var(--ast-global-color-5)","background-image":"","background-repeat":"repeat","background-position":"center center","background-size":"auto","background-attachment":"scroll","background-type":"","background-media":"","overlay-type":"","overlay-color":"","overlay-opacity":"","overlay-gradient":""},"mobile":{"background-color":"var(--ast-global-color-5)","background-image":"","background-repeat":"repeat","background-position":"center center","background-size":"auto","background-attachment":"scroll","background-type":"","background-media":"","overlay-type":"","overlay-color":"","overlay-opacity":"","overlay-gradient":""}},"footnotes":""},"class_list":["post-2390","page","type-page","status-publish","hentry"],"_links":{"self":[{"href":"https:\/\/holidayinnlongueuil.gmtpdigital.ca\/fr\/wp-json\/wp\/v2\/pages\/2390","targetHints":{"allow":["GET"]}}],"collection":[{"href":"https:\/\/holidayinnlongueuil.gmtpdigital.ca\/fr\/wp-json\/wp\/v2\/pages"}],"about":[{"href":"https:\/\/holidayinnlongueuil.gmtpdigital.ca\/fr\/wp-json\/wp\/v2\/types\/page"}],"author":[{"embeddable":true,"href":"https:\/\/holidayinnlongueuil.gmtpdigital.ca\/fr\/wp-json\/wp\/v2\/users\/31"}],"replies":[{"embeddable":true,"href":"https:\/\/holidayinnlongueuil.gmtpdigital.ca\/fr\/wp-json\/wp\/v2\/comments?post=2390"}],"version-history":[{"count":142,"href":"https:\/\/holidayinnlongueuil.gmtpdigital.ca\/fr\/wp-json\/wp\/v2\/pages\/2390\/revisions"}],"predecessor-version":[{"id":4532,"href":"https:\/\/holidayinnlongueuil.gmtpdigital.ca\/fr\/wp-json\/wp\/v2\/pages\/2390\/revisions\/4532"}],"wp:attachment":[{"href":"https:\/\/holidayinnlongueuil.gmtpdigital.ca\/fr\/wp-json\/wp\/v2\/media?parent=2390"}],"curies":[{"name":"wp","href":"https:\/\/api.w.org\/{rel}","templated":true}]}}